{"id":1515,"date":"2015-03-21T11:10:19","date_gmt":"2015-03-21T11:10:19","guid":{"rendered":"http:\/\/rediles.com\/agroecologia\/?page_id=1515"},"modified":"2015-03-21T12:15:21","modified_gmt":"2015-03-21T12:15:21","slug":"dokumentuak","status":"publish","type":"page","link":"http:\/\/rediles.com\/agroecologia\/dokumentuak\/","title":{"rendered":"Dokumentuak"},"content":{"rendered":"<h4>Nuestro terreno<\/h4>\n<ul>\n<li><a href=\"http:\/\/rediles.com\/hodeian\/public.php?service=files&amp;t=5f3823cd42b1f34a1c06aa3be390d9ae\" target=\"_blank\">El suelo de cultivo<\/a> (pdf) Conocer bien el terreno es una de las bases m\u00e1s importantes para llevar a cabo un cultivo adecuado y eficaz.<\/li>\n<li><a href=\"http:\/\/rediles.com\/hodeian\/public.php?service=files&amp;t=2ff649111fd1e01fd4e1c1993395735c\" target=\"_blank\">M\u00e9todos para identificar nuestro terreno<\/a> (pdf) Un compendio de los sistemas m\u00e1s sencillos y eficaces para averiguar el estado de la tierra y su evoluci\u00f3n.<\/li>\n<li><a href=\"http:\/\/rediles.com\/hodeian\/public.php?service=files&amp;t=c79acabca671f265038066a70bb0c2b3\" target=\"_blank\">Identificacion del terreno<\/a> (v\u00eddeo) Este v\u00eddeo (que ser\u00e1 sustituido por otro m\u00e1s completo este verano) muestra algunas de las t\u00e9cnicas mencionadas en el documento anterior.<\/li>\n<li><a href=\"http:\/\/rediles.com\/hodeian\/public.php?service=files&amp;t=45cf4c5cb18ff85c6d02c71056884414\" target=\"_blank\">Bancales<\/a> (pdf) El sistema m\u00e1s sencillo y eficaz para organizar un huerto de tama\u00f1o peque\u00f1o o mediano.<\/li>\n<li><a href=\"http:\/\/rediles.com\/agroecologia\/2013\/05\/27\/bancales-ceramicos-video\/\" target=\"_blank\">Bancales cer\u00e1micos<\/a> (v\u00eddeo)<\/li>\n<li><a href=\"http:\/\/rediles.com\/agroecologia\/2013\/05\/27\/bancales-en-marcha\/\" target=\"_blank\">Bancales en marcha<\/a> (v\u00eddeo)<\/li>\n<li><a href=\"http:\/\/rediles.com\/hodeian\/public.php?service=files&amp;t=77115953738d4e0caf7409044aaebd51\" target=\"_blank\">Preparaci\u00f3n del terreno<\/a> (pdf) Uno de los pilares b\u00e1sicos de la agricultura. De una buena preparaci\u00f3n depende en gran medida el desarrollo adecuado de la cosecha.<\/li>\n<li><a href=\"http:\/\/rediles.com\/hodeian\/public.php?service=files&amp;t=b73c95056b40f89a23e2793d85ba05f6\" target=\"_blank\">Dise\u00f1o del huerto<\/a> (pdf) Una buena organizaci\u00f3n de nuestro terreno nos facilitar\u00e1 mucho el riego, las rotaciones, las asociaciones y, en general, todo tipo de labores.<\/li>\n<li><a href=\"http:\/\/rediles.com\/hodeian\/public.php?service=files&amp;t=f85d687564798aa7572e756826f864aa\" target=\"_blank\">Gesti\u00f3n de la tierra en oto\u00f1o<\/a> (pdf) Una \u00e9poca de transici\u00f3n muy importante para mantener la tierra activa, de cara a las cosechas de primavera.<\/li>\n<li><a href=\"http:\/\/rediles.com\/agroecologia\/2013\/06\/23\/trabajos-de-otono\/\" target=\"_blank\">Trabajos de oto\u00f1o<\/a> (v\u00eddeo) Una vez m\u00e1s Miracebo nos aporta un v\u00eddeo sencillo y \u00fatil.<\/li>\n<li><a href=\"http:\/\/rediles.com\/agroecologia\/2013\/06\/23\/la-vida-en-el-suelo\/\" target=\"_blank\">La vida en el suelo<\/a> (v\u00eddeo) Este v\u00eddeo muestra de un modo muy did\u00e1ctico los procesos de la tierra, los microorganismos, su evoluci\u00f3n, etc. Altamente recomendable para todos, al margen del tama\u00f1o de tu terreno.<\/li>\n<li><a href=\"http:\/\/rediles.com\/hodeian\/public.php?service=files&amp;t=ec6fbe1be13feee9cff75b0db3f5127f\" target=\"_blank\">Las \u00abmalas\u00bb hierbas<\/a> (pdf) \u00bfY si no fueran tan \u00abmalas\u00bb? Aclarando algunos hechos sobre este \u00abtemible enemigo\u00bb.<\/li>\n<li><a href=\"http:\/\/rediles.com\/hodeian\/public.php?service=files&amp;t=dd23d8ccfe0c7d3dd24e478ab46e4e1a\" target=\"_blank\">Los setos<\/a> (pdf) Un aspecto fundamental de cara a lograr una buena biodiversidad.<\/li>\n<li><a title=\"Elaboraci\u00f3n de un invernadero para bancales\" href=\"http:\/\/rediles.com\/hodeian\/public.php?service=files&amp;t=60933309307505b1ac48e46783ec24d2\" target=\"_blank\">Elaboraci\u00f3n de un peque\u00f1o invernadero sobre los bancales<\/a> (pdf) Un sistema simple y barato de proteger la tierra en momentos concretos<\/li>\n<li><a title=\"Elaboraci\u00f3n de un invernadero para bancales\" href=\"http:\/\/rediles.com\/hodeian\/public.php?service=files&amp;t=643f9ee0986b39e710680506e21b1446\" target=\"_blank\">Un invernadero sencillo<\/a>  Un sistema simple y barato de proteger la tierra en momentos concretos<\/li>\n<\/ul>\n<h4>El comienzo: la semilla<\/h4>\n<ul>\n<li><a title=\"Semillas y semilleros\" href=\"http:\/\/rediles.com\/hodeian\/public.php?service=files&amp;t=e37d5621ae534e17ef56baa701c46be0\" target=\"_blank\">Semillas y semilleros<\/a> (pdf) -Los fundamentos b\u00e1sicos necesarios para ponernos a la tarea<\/li>\n<li><a title=\"Gu\u00eda semillas\" href=\"http:\/\/rediles.com\/hodeian\/public.php?service=files&amp;t=7f9432066696e35e2b154102e51d637c\" target=\"_blank\">Gu\u00eda semillas<\/a> (pdf) &#8211; Una gu\u00eda muy detallada sobre los aspectos m\u00e1s importantes: tipos de semilla, como recogerlas, conservarlas, etc.<\/li>\n<li><a href=\"http:\/\/rediles.com\/hodeian\/public.php?service=files&amp;t=22a55cb1a03e270449066a56f07b554f\" target=\"_blank\">Calendario de siembra<\/a> (De la A a la Z) (pdf)<\/li>\n<li><a href=\"http:\/\/rediles.com\/hodeian\/public.php?service=files&amp;t=602715696fff2faf680e0dc1b105fb41\" target=\"_blank\">Calendario de siembra<\/a> (Por meses) (pdf)<\/li>\n<li><a href=\"http:\/\/rediles.com\/hodeian\/public.php?service=files&amp;t=ec782a367cc34058e19b9c70f7be2deb\" target=\"_blank\">Calendario del horticultor<\/a> (Labores a realizar mes a mes) (pdf)<\/li>\n<li><a href=\"http:\/\/rediles.com\/agroecologia\/2013\/06\/23\/semilleros\/\" target=\"_blank\">Semilleros<\/a> (v\u00eddeo) Un aporte de Miracebo, del que veremos varios v\u00eddeos m\u00e1s.<\/li>\n<\/ul>\n<h4>Nutrici\u00f3n de la tierra<\/h4>\n<ul>\n<li><a href=\"http:\/\/rediles.com\/hodeian\/public.php?service=files&amp;t=b77a2781380a9668736d59c2ce877208\" target=\"_blank\">Manual de compost <\/a>  (pdf) Un detallado manual sobre el compost, su elaboraci\u00f3n, conservaci\u00f3n y uso.<\/li>\n<li><a href=\"http:\/\/rediles.com\/hodeian\/public.php?service=files&amp;t=24bec3e6308f54656279a5df7fcff991\" target=\"_blank\">El abonado y la nutrici\u00f3n org\u00e1nica<\/a> (pdf) Opciones, sistemas y condiciones para la nutrici\u00f3n integral.<\/li>\n<li><a href=\"http:\/\/rediles.com\/hodeian\/public.php?service=files&amp;t=d9f5ac4644070109d50ce3f8e8e2bdab\" target=\"_blank\">El t\u00e9 de compost<\/a> (pdf) Como elaborar compost l\u00edquido, formas de utilizaci\u00f3n y su efecto sobre el suelo y la cosecha.<\/li>\n<li><a href=\"http:\/\/rediles.com\/agroecologia\/2013\/06\/24\/compostaje-industrial\/\" target=\"_blank\">Compostaje industrial<\/a> (v\u00eddeo)<\/li>\n<li><a href=\"rediles.com\/agroecologia\/2013\/06\/23\/elaboracion-de-una-pila-de-compost\/\" target=\"_blank\">Elaboraci\u00f3n pila compost<\/a> (v\u00eddeo)<\/li>\n<li><a href=\"http:\/\/rediles.com\/hodeian\/public.php?service=files&amp;t=34910055506f7be80dd03a0bf927219e\" target=\"_blank\">Los extractos de plantas<\/a> (pdf) Una forma sencilla y muy eficaz de mejorar el terreno e incluso lidiar con plagas y enfermedades.<\/li>\n<li><a href=\"http:\/\/rediles.com\/hodeian\/public.php?service=files&amp;t=cee79f7d5984b7a5b7773941ecfc5d63\" target=\"_blank\">Elaboraci\u00f3n de extractos sin fermentaci\u00f3n<\/a> (v\u00eddeo) El paso a paso de la preparaci\u00f3n de extractos de plantas sin necesidad de fermentaci\u00f3n.<\/li>\n<li><a href=\"http:\/\/rediles.com\/hodeian\/public.php?service=files&amp;t=db39c70c3846ac55fde42126a3c29d53\" target=\"_blank\">Elaboraci\u00f3n de extractos sin fermentaci\u00f3n<\/a> (pdf) Algunas precisiones sobre el uso y la conservaci\u00f3n de los extractos no fermentados.<\/li>\n<li><a href=\"http:\/\/rediles.com\/hodeian\/public.php?service=files&amp;t=e2c3d72b6ed63956eaa28edab12754b1\" target=\"_blank\">Los abonos verdes<\/a> (pdf) Uno de los mejores sistemas de \u00abcultivar tierra\u00bb, especialmente en los momentos de menor ocupaci\u00f3n de nuestro terreno.<\/li>\n<li><a href=\"http:\/\/rediles.com\/hodeian\/public.php?service=files&amp;t=08b37bb6f9255f5dbe48b78ee5989377\" target=\"_blank\">Pirolisia + Biochar<\/a> (pdf) Monogr\u00e1fico elaborado por Joseba sobre la pir\u00f3lisis. Trabajo excelente y muy \u00fatil, en euskera y castellano.<\/li>\n<li><a href=\"http:\/\/rediles.com\/hodeian\/public.php?service=files&amp;t=7ce3943dc9ebc095ffd9861dde255b34\" target=\"_blank\">Elaboraci\u00f3n de un cultivo de microorganismos<\/a> (pdf) Monogr\u00e1fico sobre cultivo de microorganismos.<\/li>\n<li><a title=\"El ABC de la agricultura org\u00e1nica\" href=\"http:\/\/rediles.com\/hodeian\/public.php?service=files&amp;t=c04d9bf2c72b05e70f3444eece883844\" target=\"_blank\">El ABC de la agricultura org\u00e1nica<\/a> (pdf)<\/li>\n<li><a title=\"Art\u00edculo sobre el Bocashi\" href=\"http:\/\/rediles.com\/hodeian\/public.php?service=files&amp;t=1eaf9f917b664e566446770181915808\" target=\"_blank\">Art\u00edculo sobre el Bocashi<\/a> (pdf) Art\u00edculo sobre la elaboraci\u00f3n del bocashi.<\/li>\n<li><a title=\"C\u00f3mo hacer bokashi\" href=\"http:\/\/rediles.com\/agroecologia\/2014\/12\/28\/como-hacer-bocashi-abono-completo\/\">Elaboraci\u00f3n de Bocashi<\/a> (v\u00eddeo) Una receta para hacer bocashi, aunque puede haber otras que se adapten mejor a los materiales de los que podamos disponer.<\/li>\n<li><a href=\"http:\/\/rediles.com\/hodeian\/public.php?service=files&#038;t=d5f643e263b5885453ef14999e056a33\" target=\"_blank\">Elaboraci\u00f3n ormus<\/a> (pdf) Monogr\u00e1fico sobre la elaboraci\u00f3n de ormus o extracto de agua de mar.<\/li>\n<\/ul>\n<h4>Rotaciones y asociaciones de cultivos<\/h4>\n<ul>\n<li><a href=\"http:\/\/rediles.com\/hodeian\/public.php?service=files&amp;t=42c49e01ab286177cb1ed3d57c20af70\" target=\"_blank\">Rotaciones de cultivos<\/a> (pdf) Otro de los pilares b\u00e1sicos de la agricultura. Imprescindible.<\/li>\n<li><a href=\"http:\/\/rediles.com\/hodeian\/public.php?service=files&amp;t=f54ecbfc033b013a7b07da358156148f\" target=\"_blank\">Asociaciones de cultivos<\/a> (pdf) Una ayuda m\u00e1s, tanto para la tierra como para las plantas que cultivamos.<\/li>\n<\/ul>\n<h4>El riego<\/h4>\n<ul>\n<li><a href=\"http:\/\/rediles.com\/hodeian\/public.php?service=files&amp;t=3ed1871cb35cde0b1a6d13e29c5f5d75\" target=\"_blank\">El riego<\/a> (pdf) Los distintos sistemas de riego, sus pros y contras, su eficacia&#8230;<\/li>\n<\/ul>\n<h4>Control de plagas y enfermedades<\/h4>\n<ul>\n<li><a title=\"Control biol\u00f3gico, pros y contras\" href=\"http:\/\/rediles.com\/hodeian\/public.php?service=files&amp;t=d47088da936bbc2ce12d0e865498bffb\" target=\"_blank\">Control biol\u00f3gico, pros y contras<\/a> (pdf) Este documento analiza las ventajas e inconvenientes del control biol\u00f3gico como sistema de control de plagas y\/o enfermedades.<\/li>\n<li><a title=\"Control biol\u00f3gico\" href=\"http:\/\/rediles.com\/hodeian\/public.php?service=files&amp;t=b4d66ee85396f1a8fd9b06f0f1562b11\" target=\"_blank\">Control biol\u00f3gico<\/a> (pdf) Una relaci\u00f3n detallada  y con abundantes fotograf\u00edas, de la fauna auxiliar.<\/li>\n<li><a title=\"Control integral de plagas\" href=\"http:\/\/rediles.com\/hodeian\/public.php?service=files&amp;t=26e7d34fdbf517e01b51ed7e73be8bb0\" target=\"_blank\">Control integral de plagas<\/a> (pdf) Monogr\u00e1fico que explica los distintos m\u00e9todos de control de plagas y enfermedades.<\/li>\n<li><a href=\"http:\/\/rediles.com\/hodeian\/public.php?service=files&amp;t=5736f0c8d57af034d23f1832525581fb\" target=\"_blank\">Los extractos de plantas<\/a> (pdf) Este documento (que ya se ha mencionado al hablar de la nutrici\u00f3n de la tierra) contiene informaci\u00f3n sobre plantas que nos ayudan a combatir plagas y\/o enfermedades (Ver tambi\u00e9n los referentes a \u00abElaboraci\u00f3n de extractos sin fermentaci\u00f3n -pdf y v\u00eddeo-)<\/li>\n<li><a href=\"http:\/\/rediles.com\/hodeian\/public.php?service=files&amp;t=a0b8f9f0884f52c0b6ffc3efbb28269a\" target=\"_blank\">Prevenci\u00f3n del mildiu<\/a> (pdf) Una explicaci\u00f3n muy detallada de lo que necesitamos saber para prevenir uno de los problemas m\u00e1s frecuentes en tomates, patatas, etc.<\/li>\n<li><a href=\"http:\/\/rediles.com\/hodeian\/public.php?service=files&amp;t=ac5220d09e26c34213326d88f96a4898\" target=\"_blank\">Caracoles y babosas<\/a> (pdf) Los m\u00e9todos m\u00e1s eficaces para controlar a estos \u00abvisitantes\u00bb tan voraces.<\/li>\n<li><a href=\"http:\/\/rediles.com\/hodeian\/public.php?service=files&amp;t=ec93fcde10f32a4efc4ecb66bdcedf0b\" target=\"_blank\">Hongos y otras enfermedades<\/a> (pdf) Relaci\u00f3n pormenorizada de los principales hongos.<\/li>\n<li><a href=\"http:\/\/rediles.com\/hodeian\/public.php?service=files&amp;t=6072bed87c0ae4b68bb3fbd85aed9087\" target=\"_blank\">La \u00abquemadura solar\u00bb de los pimientos<\/a> (pdf) Un apunte sobre un problema muy com\u00fan y del que tenemos ideas muy distintas a la realidad.<\/li>\n<li><a href=\"http:\/\/rediles.com\/hodeian\/public.php?service=files&amp;t=77fa5f3d70de41ef99c7d7526802aeea\" target=\"_blank\">Topos, topillos, musara\u00f1as&#8230;<\/a> (pdf) Para aclarar quien (o quienes) son los \u00abmalos\u00bb de la pel\u00edcula.<\/li>\n<li><a title=\"caldo sulfoc\u00e1lclco\" href=\"http:\/\/rediles.com\/hodeian\/public.php?service=files&amp;t=d7854f36efa45f705ab60011626060c2\">Elaboraci\u00f3n del caldo sulfoc\u00e1lcico<\/a> &#8211; Un preparado muy eficaz y sencillo para mejorar suelos y controlar tanto bichos como hongos.<\/li>\n<\/ul>\n<h4>Temas varios<\/h4>\n<ul>\n<li><a href=\"http:\/\/rediles.com\/hodeian\/public.php?service=files&amp;t=d81e94412f855f42daff96a30ae80e19\" target=\"_blank\">Agricultura ecol\u00f3gica<\/a> (pdf) Monogr\u00e1fico sobre la situaci\u00f3n actual de la agricultura y su evoluci\u00f3n.<\/li>\n<li><a href=\"http:\/\/rediles.com\/hodeian\/public.php?service=files&amp;t=ee9b5caea0aa8b1d4dda86e2ed1bda8c\" target=\"_blank\">Agricultura sin etiquetas<\/a> (pdf) Una peque\u00f1a reflexi\u00f3n sobre el tema, tratando de evitar los t\u00f3picos y centr\u00e1ndose en lo imprescindible.<\/li>\n<li><a href=\"http:\/\/rediles.com\/hodeian\/public.php?service=files&amp;t=cc1204452fb4f0c1af7393505b04c93e\" target=\"_blank\">Herramientas<\/a> (pdf) Desde la laya al motocultor.<\/li>\n<li><a target=\"_blank\">Grelinette<\/a> (v\u00eddeo) Dos v\u00eddeos muy breves sobre el uso de esta laya de doble mango<\/li>\n<li><a href=\"http:\/\/rediles.com\/hodeian\/public.php?service=files&amp;t=c74bf733d75255cced47b91c6312d2c9\" target=\"_blank\">La Luna<\/a> (pdf) El efecto de la Luna sobre nuestras cosechas, cuando sembrar, cosechar, etc.<\/li>\n<li><a target=\"_blank\">Fases de la Luna<\/a> (v\u00eddeo) Dos v\u00eddeos con m\u00e1s informaci\u00f3n sobre el tema.<\/li>\n<li><a target=\"_blank\">Permacultura<\/a> (v\u00eddeo) Bill Mollison explica en estos cuatro v\u00eddeos, los comienzos, fundamentos y evoluci\u00f3n de la permacultura.<\/li>\n<li><a href=\"http:\/\/rediles.com\/hodeian\/public.php?service=files&amp;t=ea5e74e044c375c44cfe92e629cc215e\" target=\"_blank\">Los libros m\u00e1s eficaces<\/a> (pdf) Una breve lista sobre los libros de consulta m\u00e1s conocidos.<\/li>\n<li><a href=\"http:\/\/rediles.com\/hodeian\/public.php?service=files&amp;t=2f341dee04403728c824cf02d786dfe1\" target=\"_blank\">Ayudas en Internet<\/a> 1 (pdf) Este archivo y el siguiente, tratan de recopilar algunos de los enlaces m\u00e1s fiables y \u00fatiles en la red<\/li>\n<li><a href=\"http:\/\/rediles.com\/hodeian\/public.php?service=files&amp;t=0371b9beacf1fe627df11191ba09308c\" target=\"_blank\">Ayudas en Internet<\/a> 2 (pdf)<\/li>\n<li><a target=\"_blank\">Campesinas<\/a> (v\u00eddeo) La voz de la mujer en el campo, su situaci\u00f3n y su futuro.<\/li>\n<li><a href=\"http:\/\/rediles.com\/hodeian\/public.php?service=files&amp;t=ca71b8213a221a8747bc4fff1ff2a772\" target=\"_blank\">Fukuoka<\/a> (pdf) Una entrevista con Masanobu Fukuoka, una de las personalidades m\u00e1s importantes de la agricultura.<\/li>\n<li><a target=\"_blank\">Fukuoka<\/a> (v\u00eddeo) M\u00e9todos y filosof\u00eda de este genial innovador.<\/li>\n<li><a href=\"http:\/\/rediles.com\/hodeian\/public.php?service=files&amp;t=c3a9b017abde00ebd7432ece407f1054\" target=\"_blank\">Bernard Ronot<\/a> (pdf) Eduard Punset entrevista a Bernard Ronot, uno de los propulsores de la agricultura biodin\u00e1mica en Francia. Muy recomendable.<\/li>\n<li><a href=\"http:\/\/rediles.com\/hodeian\/public.php?service=files&amp;t=5736f0c8d57af034d23f1832525581fb\" target=\"_blank\">Josep Rosello<\/a> (pdf) Las recetas sobre elaboraci\u00f3n de extractos de plantas, de uno de los investigadores m\u00e1s punteros en la agricultura.<\/li>\n<li><a target=\"_blank\">Gaspar Caballero<\/a> (v\u00eddeo) Otro de los nombres importantes en la agricultura ecol\u00f3gica, nos muestra el sistema de las \u00abParades en Crestall\u00bb.<\/li>\n<li><a target=\"_blank\">Mariano Bueno<\/a> (v\u00eddeo) Este gran divulgador de la agricultura ecol\u00f3gica, habla en estos v\u00eddeos de distintos temas relacionados con la tierra, el laboreo, etc.<\/li>\n<li><a target=\"_blank\">Futuro de la comida<\/a> (v\u00eddeo) Un interesante documental.<\/li>\n<li><a target=\"_blank\">Geoambiente<\/a> (v\u00eddeo) Tres v\u00eddeos muy esclarecedores. Recomendables.<\/li>\n<li><a target=\"_blank\">Germinador<\/a> (v\u00eddeo) Miracebo, colaborador del foro Infojard\u00edn, nos muestra como elaborar un sencillo germinador de semillas.<\/li>\n<li><a target=\"_blank\">La huerta en im\u00e1genes<\/a> (pdf) Un paseo por las distintas fases por las que atraviesan nuestras cosechas.<\/li>\n<li><a href=\"http:\/\/rediles.com\/hodeian\/public.php?service=files&amp;t=4029d5f89b055ab35ce1386e53f3e2e3\" target=\"_blank\">Mochila el\u00e9ctrica<\/a> (v\u00eddeo) Un poco de bricolage al alcance de todos, para lograr una mochila multiuso y muy eficaz.<\/li>\n<li><a href=\"http:\/\/rediles.com\/hodeian\/public.php?service=files&amp;t=a2094a98f3fc9886389a21e9b8f5aebe\" target=\"_blank\">Planificaci\u00f3n comercial de la huerta<\/a> (Hoja de c\u00e1lculo XLS) Versi\u00f3n realizada para Pa\u00eds Vasco.<\/li>\n<li><a title=\"Planificaci\u00f3n huerto \u00c1lava\" href=\"http:\/\/rediles.com\/hodeian\/public.php?service=files&amp;t=a6803e53ff464fdd9aa4adc212c611a0\" target=\"_blank\">Planificaci\u00f3n huerta \u00c1lava<\/a> (pdf) Documento elaborado teniendo en cuenta datos de productores de \u00c1lava, que incluye calendario de siembra y marcos de plantaci\u00f3n<\/li>\n<li><a title=\"Planificaci\u00f3n huerto Bizkaia y Gipuzkoa\" href=\"http:\/\/rediles.com\/hodeian\/public.php?service=files&amp;t=06fb394901c7c122daa1b0eba13ccada\" target=\"_blank\">Planificaci\u00f3n huerta Bizkaia y Gipuzkoa<\/a> (pdf) Documento elaborado teniendo en cuenta datos de productores de Bizkaia y Gipuzkoa, que incluye calendario de siembra y marcos de plantaci\u00f3n<\/li>\n<li><a href=\"http:\/\/rediles.com\/hodeian\/public.php?service=files&amp;t=36b777b2ec8ecff77ee3b7ce59f6bb08\" target=\"_blank\">Verduras de temporada<\/a> (pdf) Calendario en el que aparece una aproximaci\u00f3n de las verduras que se pueden RECOLECTAR en cada mes por nuestra latitud (Creo que en general ser\u00eda bastante aplicable al norte peninsular)<\/li>\n<\/ul>\n","protected":false},"excerpt":{"rendered":"<p>Nuestro terreno El suelo de cultivo (pdf) Conocer bien el terreno es una de las bases m\u00e1s importantes para llevar a cabo un cultivo adecuado y eficaz. M\u00e9todos para identificar nuestro terreno (pdf) Un compendio de los sistemas m\u00e1s sencillos &hellip;<\/p>\n<p class=\"read-more\"> <a class=\"more-link\" href=\"http:\/\/rediles.com\/agroecologia\/dokumentuak\/\"> <span class=\"screen-reader-text\">Dokumentuak<\/span> Leer m\u00e1s \u00bb<\/a><\/p>\n","protected":false},"author":2,"featured_media":0,"parent":0,"menu_order":2,"comment_status":"open","ping_status":"closed","template":"","meta":{"_bbp_topic_count":0,"_bbp_reply_count":0,"_bbp_total_topic_count":0,"_bbp_total_reply_count":0,"_bbp_voice_count":0,"_bbp_anonymous_reply_count":0,"_bbp_topic_count_hidden":0,"_bbp_reply_count_hidden":0,"_bbp_forum_subforum_count":0,"footnotes":"","_links_to":"","_links_to_target":""},"class_list":["post-1515","page","type-page","status-publish","hentry"],"_links":{"self":[{"href":"http:\/\/rediles.com\/agroecologia\/wp-json\/wp\/v2\/pages\/1515","targetHints":{"allow":["GET"]}}],"collection":[{"href":"http:\/\/rediles.com\/agroecologia\/wp-json\/wp\/v2\/pages"}],"about":[{"href":"http:\/\/rediles.com\/agroecologia\/wp-json\/wp\/v2\/types\/page"}],"author":[{"embeddable":true,"href":"http:\/\/rediles.com\/agroecologia\/wp-json\/wp\/v2\/users\/2"}],"replies":[{"embeddable":true,"href":"http:\/\/rediles.com\/agroecologia\/wp-json\/wp\/v2\/comments?post=1515"}],"version-history":[{"count":1,"href":"http:\/\/rediles.com\/agroecologia\/wp-json\/wp\/v2\/pages\/1515\/revisions"}],"predecessor-version":[{"id":1517,"href":"http:\/\/rediles.com\/agroecologia\/wp-json\/wp\/v2\/pages\/1515\/revisions\/1517"}],"wp:attachment":[{"href":"http:\/\/rediles.com\/agroecologia\/wp-json\/wp\/v2\/media?parent=1515"}],"curies":[{"name":"wp","href":"https:\/\/api.w.org\/{rel}","templated":true}]}}