{"id":27,"date":"2013-05-20T21:50:29","date_gmt":"2013-05-20T21:50:29","guid":{"rendered":"http:\/\/rediles.com\/agroecologia\/?page_id=27"},"modified":"2022-04-07T05:15:32","modified_gmt":"2022-04-07T05:15:32","slug":"documentos","status":"publish","type":"page","link":"http:\/\/rediles.com\/agroecologia\/documentos\/","title":{"rendered":"Documentos"},"content":{"rendered":"<h4>Nuestro terreno<\/h4>\n<ul>\n<li><a href=\"http:\/\/rediles.com\/hodeian\/index.php\/s\/JzW74bDgeYwdL7k\" target=\"_blank\" rel=\"noopener noreferrer\">El suelo de cultivo<\/a> (pdf) Conocer bien el terreno es una de las bases m\u00e1s importantes para llevar a cabo un cultivo adecuado y eficaz.<\/li>\n<li><a href=\"http:\/\/rediles.com\/hodeian\/index.php\/s\/tMFapnimgyCj3e2\" target=\"_blank\" rel=\"noopener noreferrer\">M\u00e9todos para identificar nuestro terreno<\/a> (pdf) Un compendio de los sistemas m\u00e1s sencillos y eficaces para averiguar el estado de la tierra y su evoluci\u00f3n.<\/li>\n<li><a href=\"http:\/\/rediles.com\/hodeian\/index.php\/s\/7Zm4TRcL8HBTxFo\" target=\"_blank\" rel=\"noopener noreferrer\">Identificacion del terreno<\/a> (v\u00eddeo) Este v\u00eddeo (que ser\u00e1 sustituido por otro m\u00e1s completo este verano) muestra algunas de las t\u00e9cnicas mencionadas en el documento anterior.<\/li>\n<li><a href=\"http:\/\/rediles.com\/hodeian\/index.php\/s\/WERCWcJY36BFmWd\" target=\"_blank\" rel=\"noopener noreferrer\">Bancales<\/a> (pdf) El sistema m\u00e1s sencillo y eficaz para organizar un huerto de tama\u00f1o peque\u00f1o o mediano.<\/li>\n<li><a href=\"http:\/\/rediles.com\/agroecologia\/2013\/05\/27\/bancales-ceramicos-video\/\" target=\"_blank\" rel=\"noopener noreferrer\">Bancales cer\u00e1micos<\/a> (v\u00eddeo)<\/li>\n<li><a href=\"http:\/\/rediles.com\/agroecologia\/2013\/05\/27\/bancales-en-marcha\/\" target=\"_blank\" rel=\"noopener noreferrer\">Bancales en marcha<\/a> (v\u00eddeo)<\/li>\n<li><a href=\"http:\/\/rediles.com\/hodeian\/index.php\/s\/WDYKp5c4Z5z8X2C\" target=\"_blank\" rel=\"noopener noreferrer\">Preparaci\u00f3n del terreno<\/a> (pdf) Uno de los pilares b\u00e1sicos de la agricultura. De una buena preparaci\u00f3n depende en gran medida el desarrollo adecuado de la cosecha.<\/li>\n<li><a href=\"http:\/\/rediles.com\/hodeian\/index.php\/s\/bKyLpxwaGPYf3de\" target=\"_blank\" rel=\"noopener noreferrer\">Dise\u00f1o del huerto<\/a> (pdf) Una buena organizaci\u00f3n de nuestro terreno nos facilitar\u00e1 mucho el riego, las rotaciones, las asociaciones y, en general, todo tipo de labores.<\/li>\n<li><a href=\"http:\/\/rediles.com\/hodeian\/index.php\/s\/TBtA88F4TnneG7b\" target=\"_blank\" rel=\"noopener noreferrer\">Gesti\u00f3n de la tierra en oto\u00f1o<\/a> (pdf) Una \u00e9poca de transici\u00f3n muy importante para mantener la tierra activa, de cara a las cosechas de primavera.<\/li>\n<li><a href=\"http:\/\/rediles.com\/agroecologia\/2013\/06\/23\/trabajos-de-otono\/\" target=\"_blank\" rel=\"noopener noreferrer\">Trabajos de oto\u00f1o<\/a> (v\u00eddeo) Una vez m\u00e1s Miracebo nos aporta un v\u00eddeo sencillo y \u00fatil.<\/li>\n<li><a href=\"http:\/\/rediles.com\/agroecologia\/2013\/06\/23\/la-vida-en-el-suelo\/\" target=\"_blank\" rel=\"noopener noreferrer\">La vida en el suelo<\/a> (v\u00eddeo) Este v\u00eddeo muestra de un modo muy did\u00e1ctico los procesos de la tierra, los microorganismos, su evoluci\u00f3n, etc. Altamente recomendable para todos, al margen del tama\u00f1o de tu terreno.<\/li>\n<li><a href=\"http:\/\/rediles.com\/hodeian\/index.php\/s\/RGsnWHtkZ4igTwy\" target=\"_blank\" rel=\"noopener noreferrer\">Las \u00abmalas\u00bb hierbas<\/a> (pdf) \u00bfY si no fueran tan \u00abmalas\u00bb? Aclarando algunos hechos sobre este \u00abtemible enemigo\u00bb.<\/li>\n<li><a href=\"http:\/\/rediles.com\/hodeian\/index.php\/s\/8MCZ28CsLs4tQEj\" target=\"_blank\" rel=\"noopener noreferrer\">Los setos<\/a> (pdf) Un aspecto fundamental de cara a lograr una buena biodiversidad.<\/li>\n<li><a title=\"Elaboraci\u00f3n de un invernadero para bancales\" href=\"http:\/\/rediles.com\/hodeian\/index.php\/s\/6NDxr7Lsw8SygrW\" target=\"_blank\" rel=\"noopener noreferrer\">Elaboraci\u00f3n de un peque\u00f1o invernadero sobre los bancales<\/a> (pdf) Un sistema simple y barato de proteger la tierra en momentos concretos.<\/li>\n<\/ul>\n<h4>El comienzo: la semilla<\/h4>\n<ul>\n<li><a title=\"Semillas y semilleros\" href=\"http:\/\/rediles.com\/hodeian\/index.php\/s\/mWLTaATPzm5oxsC\" target=\"_blank\" rel=\"noopener noreferrer\">Semillas y semilleros<\/a> (pdf) -Los fundamentos b\u00e1sicos necesarios para ponernos a la tarea<\/li>\n<li><a title=\"Gu\u00eda semillas\" href=\"http:\/\/rediles.com\/hodeian\/index.php\/s\/gTFzJkYgrkEeYzw\" target=\"_blank\" rel=\"noopener noreferrer\">Gu\u00eda semillas<\/a> (pdf) &#8211; Una gu\u00eda muy detallada sobre los aspectos m\u00e1s importantes: tipos de semilla, como recogerlas, conservarlas, etc.<\/li>\n<li><a href=\"http:\/\/rediles.com\/hodeian\/index.php\/s\/SYAnmTJqJRjkqdf\" target=\"_blank\" rel=\"noopener noreferrer\">Calendario de siembra<\/a> (De la A a la Z) (pdf)<\/li>\n<li><a href=\"http:\/\/rediles.com\/hodeian\/index.php\/s\/txbGzWpbcztQTzZ\" target=\"_blank\" rel=\"noopener noreferrer\">Calendario de siembra<\/a> (Por meses) (pdf)<\/li>\n<li><a href=\"http:\/\/rediles.com\/hodeian\/index.php\/s\/K4r5ZM7Fbn8g5EB\" target=\"_blank\" rel=\"noopener noreferrer\">Calendario del horticultor<\/a> (Labores a realizar mes a mes) (pdf)<\/li>\n<li><a href=\"http:\/\/rediles.com\/agroecologia\/2013\/06\/23\/semilleros\/\" target=\"_blank\" rel=\"noopener noreferrer\">Semilleros<\/a> (v\u00eddeo) Un aporte de Miracebo, del que veremos varios v\u00eddeos m\u00e1s.<\/li>\n<\/ul>\n<h4>Nutrici\u00f3n de la tierra<\/h4>\n<ul>\n<li><a href=\"http:\/\/rediles.com\/hodeian\/index.php\/s\/kQDwKJT2SmEjkcg\" target=\"_blank\" rel=\"noopener noreferrer\">Manual de compost\u00a0<\/a>\u00a0 (pdf) Un detallado manual sobre el compost, su elaboraci\u00f3n, conservaci\u00f3n y uso.<\/li>\n<li><a href=\"http:\/\/rediles.com\/hodeian\/index.php\/s\/FGRs3P28PaWAefn\" target=\"_blank\" rel=\"noopener noreferrer\">El abonado y la nutrici\u00f3n org\u00e1nica<\/a> (pdf) Opciones, sistemas y condiciones para la nutrici\u00f3n integral.<\/li>\n<li><a href=\"http:\/\/rediles.com\/hodeian\/index.php\/s\/dTLbCK7Lqz5foja\" target=\"_blank\" rel=\"noopener noreferrer\">El t\u00e9 de compost<\/a> (pdf) Como elaborar compost l\u00edquido, formas de utilizaci\u00f3n y su efecto sobre el suelo y la cosecha.<\/li>\n<li><a href=\"http:\/\/rediles.com\/hodeian\/index.php\/s\/L23WfMsEF5w7sea\" target=\"_blank\" rel=\"noopener noreferrer\">Compostaje industrial<\/a> (v\u00eddeo)<\/li>\n<li><a href=\"rediles.com\/agroecologia\/2013\/06\/23\/elaboracion-de-una-pila-de-compost\/\" target=\"_blank\" rel=\"noopener noreferrer\">Elaboraci\u00f3n pila compost<\/a> (v\u00eddeo)<\/li>\n<li><a href=\"http:\/\/rediles.com\/hodeian\/index.php\/s\/FJiRGQW7rNc48sX\" target=\"_blank\" rel=\"noopener noreferrer\">Los extractos de plantas<\/a> (pdf) Una forma sencilla y muy eficaz de mejorar el terreno e incluso lidiar con plagas y enfermedades.<\/li>\n<li><a href=\"http:\/\/rediles.com\/hodeian\/index.php\/s\/BDYqceSgBgLdgcg\" target=\"_blank\" rel=\"noopener noreferrer\">Elaboraci\u00f3n de extractos sin fermentaci\u00f3n<\/a> (v\u00eddeo) El paso a paso de la preparaci\u00f3n de extractos de plantas sin necesidad de fermentaci\u00f3n.<\/li>\n<li><a href=\"http:\/\/rediles.com\/hodeian\/index.php\/s\/fZqxQWSLRjxiSpT\" target=\"_blank\" rel=\"noopener noreferrer\">Elaboraci\u00f3n de extractos sin fermentaci\u00f3n<\/a> (pdf) Algunas precisiones sobre el uso y la conservaci\u00f3n de los extractos no fermentados.<\/li>\n<li><a href=\"http:\/\/rediles.com\/hodeian\/index.php\/s\/wCcEDmDZDzGA6Qj\" target=\"_blank\" rel=\"noopener noreferrer\">Los abonos verdes<\/a> (pdf) Uno de los mejores sistemas de \u00abcultivar tierra\u00bb, especialmente en los momentos de menor ocupaci\u00f3n de nuestro terreno.<\/li>\n<li><a href=\"http:\/\/rediles.com\/hodeian\/index.php\/s\/5W8jcJQ2omAHW4y\" target=\"_blank\" rel=\"noopener noreferrer\">Pirolisia + Biochar<\/a> (pdf) Monogr\u00e1fico elaborado por Joseba sobre la pir\u00f3lisis. Trabajo excelente y muy \u00fatil, en euskera y castellano.<\/li>\n<li><a href=\"http:\/\/rediles.com\/hodeian\/index.php\/s\/r5mZDsxjFdYMHGT\" target=\"_blank\" rel=\"noopener noreferrer\">Elaboraci\u00f3n de un cultivo de microorganismos<\/a> (pdf) Monogr\u00e1fico sobre cultivo de microorganismos.<\/li>\n<li><a title=\"El ABC de la agricultura org\u00e1nica\" href=\"http:\/\/rediles.com\/hodeian\/index.php\/s\/LfrREipbBYEj53P\" target=\"_blank\" rel=\"noopener noreferrer\">El ABC de la agricultura org\u00e1nica<\/a> (pdf)<\/li>\n<li><a title=\"Art\u00edculo sobre el Bocashi\" href=\"http:\/\/rediles.com\/hodeian\/index.php\/s\/RSK4iwYHzQjxAc6\" target=\"_blank\" rel=\"noopener noreferrer\">Art\u00edculo sobre el Bocashi<\/a> (pdf) Art\u00edculo sobre la elaboraci\u00f3n del bocashi.<\/li>\n<li><a title=\"C\u00f3mo hacer bokashi\" href=\"http:\/\/rediles.com\/agroecologia\/2014\/12\/28\/como-hacer-bocashi-abono-completo\/\" target=\"_blank\" rel=\"noopener noreferrer\">Elaboraci\u00f3n de Bocashi<\/a> (v\u00eddeo) Una receta para hacer bocashi, aunque puede haber otras que se adapten mejor a los materiales de los que podamos disponer.<\/li>\n<li><a href=\"http:\/\/rediles.com\/hodeian\/index.php\/s\/wfL4JpyjZqyNerS\" target=\"_blank\" rel=\"noopener noreferrer\">Extractos minerales a partir de agua de mar<\/a> (pdf) Monogr\u00e1fico sobre la elaboraci\u00f3n de extracto de agua de mar (ormus).<\/li>\n<li><a href=\"http:\/\/rediles.com\/hodeian\/index.php\/s\/RY3LbsMCszoEJDT\" target=\"_blank\" rel=\"noopener noreferrer\">Elaboraci\u00f3n de biofertilizantes &#8211;<\/a> Una manera sencilla de elaborar uno de los mejores aportes para nuestras plantas, partiendo de harina de rocas y un cultivo de microorganismos<\/li>\n<\/ul>\n<h4>Rotaciones y asociaciones de cultivos<\/h4>\n<ul>\n<li><a href=\"http:\/\/rediles.com\/hodeian\/index.php\/s\/7bXCyqJ2HjeEHLT\" target=\"_blank\" rel=\"noopener noreferrer\">Rotaciones de cultivos<\/a> (pdf) Otro de los pilares b\u00e1sicos de la agricultura. Imprescindible.<\/li>\n<li><a href=\"http:\/\/rediles.com\/hodeian\/index.php\/s\/kJJE9ge8aQbwbmX\" target=\"_blank\" rel=\"noopener noreferrer\">Asociaciones de cultivos<\/a> (pdf) Una ayuda m\u00e1s, tanto para la tierra como para las plantas que cultivamos.<\/li>\n<\/ul>\n<h4>El riego<\/h4>\n<ul>\n<li><a href=\"http:\/\/rediles.com\/hodeian\/index.php\/s\/yPMfSBK6W75tzYF\" target=\"_blank\" rel=\"noopener noreferrer\">El riego<\/a> (pdf) Los distintos sistemas de riego, sus pros y contras, su eficacia&#8230;<\/li>\n<\/ul>\n<h4>Control de plagas y enfermedades<\/h4>\n<ul>\n<li><a title=\"Control biol\u00f3gico, pros y contras\" href=\"http:\/\/rediles.com\/hodeian\/index.php\/s\/xYKanooMJGiMHcK\" target=\"_blank\" rel=\"noopener noreferrer\">Control biol\u00f3gico, pros y contras<\/a> (pdf) Este documento analiza las ventajas e inconvenientes del control biol\u00f3gico como sistema de control de plagas y\/o enfermedades.<\/li>\n<li><a title=\"Control biol\u00f3gico\" href=\"http:\/\/rediles.com\/hodeian\/index.php\/s\/Cp4k49wTyzfp86y\" target=\"_blank\" rel=\"noopener noreferrer\">Control biol\u00f3gico<\/a> (pdf) Una relaci\u00f3n detallada\u00a0 y con abundantes fotograf\u00edas, de la fauna auxiliar.<\/li>\n<li><a title=\"Control integral de plagas\" href=\"http:\/\/rediles.com\/hodeian\/index.php\/s\/dpEdZacYjb72Z8S\" target=\"_blank\" rel=\"noopener noreferrer\">Control integral de plagas<\/a> (pdf) Monogr\u00e1fico que explica los distintos m\u00e9todos de control de plagas y enfermedades.<\/li>\n<li><a href=\"http:\/\/rediles.com\/hodeian\/index.php\/s\/ni6ZjtmkqBSnj7L\" target=\"_blank\" rel=\"noopener noreferrer\">Los extractos de plantas<\/a> (pdf) Este documento (que ya se ha mencionado al hablar de la nutrici\u00f3n de la tierra) contiene informaci\u00f3n sobre plantas que nos ayudan a combatir plagas y\/o enfermedades (Ver tambi\u00e9n los referentes a \u00abElaboraci\u00f3n de extractos sin fermentaci\u00f3n -pdf y v\u00eddeo-)<\/li>\n<li><a href=\"http:\/\/rediles.com\/hodeian\/index.php\/s\/x4SB8cp2PgRgqWt\" target=\"_blank\" rel=\"noopener noreferrer\">Prevenci\u00f3n del mildiu<\/a> (pdf) Una explicaci\u00f3n muy detallada de lo que necesitamos saber para prevenir uno de los problemas m\u00e1s frecuentes en tomates, patatas, etc.<\/li>\n<li><a href=\"http:\/\/rediles.com\/hodeian\/index.php\/s\/Wtdd9nEq99bzXRr\" target=\"_blank\" rel=\"noopener noreferrer\">Caracoles y babosas<\/a> (pdf) Los m\u00e9todos m\u00e1s eficaces para controlar a estos \u00abvisitantes\u00bb tan voraces.<\/li>\n<li><a href=\"http:\/\/rediles.com\/hodeian\/index.php\/s\/ikXf4EbfMj3zyze\" target=\"_blank\" rel=\"noopener noreferrer\">Hongos y otras enfermedades<\/a> (pdf) Relaci\u00f3n pormenorizada de los principales hongos.<\/li>\n<li><a href=\"http:\/\/rediles.com\/hodeian\/index.php\/s\/AQJdN3XCA6AQGKk\" target=\"_blank\" rel=\"noopener noreferrer\">La \u00abquemadura solar\u00bb de los pimientos<\/a> (pdf) Un apunte sobre un problema muy com\u00fan y del que tenemos ideas muy distintas a la realidad. Hongo alternaria.<\/li>\n<li><a href=\"http:\/\/rediles.com\/hodeian\/index.php\/s\/9cKpCkyeDySNSBR\" target=\"_blank\" rel=\"noopener noreferrer\">Topos, topillos, musara\u00f1as&#8230;<\/a> (pdf) Para aclarar quien (o quienes) son los \u00abmalos\u00bb de la pel\u00edcula.<\/li>\n<li><a title=\"caldo sulfoc\u00e1lclco\" href=\"http:\/\/rediles.com\/hodeian\/index.php\/s\/TJJKAE7wQWt2bS9\" target=\"_blank\" rel=\"noopener\">Elaboraci\u00f3n del caldo sulfoc\u00e1lcico<\/a> &#8211; Un preparado muy eficaz y sencillo para mejorar suelos y controlar tanto bichos como hongos.<\/li>\n<li><a title=\"caldo sulfoc\u00e1lclco\" href=\"http:\/\/rediles.com\/hodeian\/index.php\/s\/rHBmmFFAo6C6Sea\" target=\"_blank\" rel=\"noopener\">Agrohomeopatia<\/a> &#8211; La homeopat\u00eda aplicada a la agricultura.<\/li>\n<li><a href=\"http:\/\/rediles.com\/hodeian\/index.php\/s\/3G99BkxGQWCdD32\" target=\"_blank\" rel=\"noopener noreferrer\">Tratamientos homeop\u00e1ticos en la agricultura &#8211; <\/a>Un manual muy sencillo que detalla planta por planta, los tratamientos m\u00e1s eficaces y como elaborar nuestros propios remedios.<\/li>\n<\/ul>\n<h4>Temas varios<\/h4>\n<ul>\n<li><a href=\"http:\/\/rediles.com\/hodeian\/index.php\/s\/janSXzESfYxdYie\" target=\"_blank\" rel=\"noopener noreferrer\">Agricultura ecol\u00f3gica<\/a> (pdf) Monogr\u00e1fico sobre la situaci\u00f3n actual de la agricultura y su evoluci\u00f3n.<\/li>\n<li><a href=\"http:\/\/rediles.com\/hodeian\/index.php\/s\/sW348F5Ef9Wris9\" target=\"_blank\" rel=\"noopener noreferrer\">Agricultura sin etiquetas<\/a> (pdf) Una peque\u00f1a reflexi\u00f3n sobre el tema, tratando de evitar los t\u00f3picos y centr\u00e1ndose en lo imprescindible.<\/li>\n<li><a href=\"http:\/\/rediles.com\/hodeian\/index.php\/s\/XZ5MPx7PTTWcmr7\" target=\"_blank\" rel=\"noopener noreferrer\">Herramientas<\/a> (pdf) Desde la laya al motocultor.<\/li>\n<li><a target=\"_blank\" rel=\"noopener noreferrer\">Grelinette<\/a> (v\u00eddeo) Dos v\u00eddeos muy breves sobre el uso de esta laya de doble mango<\/li>\n<li><a href=\"http:\/\/rediles.com\/hodeian\/index.php\/s\/SBiX4rBrXioYY5L\" target=\"_blank\" rel=\"noopener noreferrer\">La Luna<\/a> (pdf) El efecto de la Luna sobre nuestras cosechas, cuando sembrar, cosechar, etc.<\/li>\n<li><a target=\"_blank\" rel=\"noopener noreferrer\">Fases de la Luna<\/a> (v\u00eddeo) Dos v\u00eddeos con m\u00e1s informaci\u00f3n sobre el tema.<\/li>\n<li><a target=\"_blank\" rel=\"noopener noreferrer\">Permacultura<\/a> (v\u00eddeo) Bill Mollison explica en estos cuatro v\u00eddeos, los comienzos, fundamentos y evoluci\u00f3n de la permacultura.<\/li>\n<li><a href=\"http:\/\/rediles.com\/hodeian\/index.php\/s\/8dY3m3PpnWMme8y\" target=\"_blank\" rel=\"noopener noreferrer\">Los libros m\u00e1s eficaces<\/a> (pdf) Una breve lista sobre los libros de consulta m\u00e1s conocidos.<\/li>\n<li><a href=\"http:\/\/rediles.com\/hodeian\/index.php\/s\/TPdqa3aKM7AfQDK\" target=\"_blank\" rel=\"noopener noreferrer\">Ayudas en Internet<\/a> 1 (pdf) Este archivo y el siguiente, tratan de recopilar algunos de los enlaces m\u00e1s fiables y \u00fatiles en la red<\/li>\n<li><a href=\"http:\/\/rediles.com\/hodeian\/index.php\/s\/ZACPeK8nJCzdHjM\" target=\"_blank\" rel=\"noopener noreferrer\">Ayudas en Internet<\/a> 2 (pdf)<\/li>\n<li><a target=\"_blank\" rel=\"noopener noreferrer\">Campesinas<\/a> (v\u00eddeo) La voz de la mujer en el campo, su situaci\u00f3n y su futuro.<\/li>\n<li><a href=\"http:\/\/rediles.com\/hodeian\/index.php\/s\/TgKgfFGfCq6Cwtk\" target=\"_blank\" rel=\"noopener noreferrer\">Fukuoka<\/a> (pdf) Una entrevista con Masanobu Fukuoka, una de las personalidades m\u00e1s importantes de la agricultura.<\/li>\n<li><a target=\"_blank\" rel=\"noopener noreferrer\">Fukuoka<\/a> (v\u00eddeo) M\u00e9todos y filosof\u00eda de este genial innovador.<\/li>\n<li><a href=\"http:\/\/rediles.com\/hodeian\/index.php\/s\/JtcgaSP4gQSqrzB\" target=\"_blank\" rel=\"noopener noreferrer\">Bernard Ronot<\/a> (pdf) Eduard Punset entrevista a Bernard Ronot, uno de los propulsores de la agricultura biodin\u00e1mica en Francia. Muy recomendable.<\/li>\n<li><a href=\"http:\/\/rediles.com\/hodeian\/public.php?service=files&amp;t=5736f0c8d57af034d23f1832525581fb\" target=\"_blank\" rel=\"noopener noreferrer\">Josep Rosello<\/a> (pdf) Las recetas sobre elaboraci\u00f3n de extractos de plantas, de uno de los investigadores m\u00e1s punteros en la agricultura.<\/li>\n<li><a target=\"_blank\" rel=\"noopener noreferrer\">Gaspar Caballero<\/a> (v\u00eddeo) Otro de los nombres importantes en la agricultura ecol\u00f3gica, nos muestra el sistema de las \u00abParades en Crestall\u00bb.<\/li>\n<li><a target=\"_blank\" rel=\"noopener noreferrer\">Mariano Bueno<\/a> (v\u00eddeo) Este gran divulgador de la agricultura ecol\u00f3gica, habla en estos v\u00eddeos de distintos temas relacionados con la tierra, el laboreo, etc.<\/li>\n<li><a target=\"_blank\" rel=\"noopener noreferrer\">Futuro de la comida<\/a> (v\u00eddeo) Un interesante documental.<\/li>\n<li><a target=\"_blank\" rel=\"noopener noreferrer\">Geoambiente<\/a> (v\u00eddeo) Tres v\u00eddeos muy esclarecedores. Recomendables.<\/li>\n<li><a target=\"_blank\" rel=\"noopener noreferrer\">Germinador<\/a> (v\u00eddeo) Miracebo, colaborador del foro Infojard\u00edn, nos muestra como elaborar un sencillo germinador de semillas.<\/li>\n<li><a target=\"_blank\" rel=\"noopener noreferrer\">La huerta en im\u00e1genes<\/a> (pdf) Un paseo por las distintas fases por las que atraviesan nuestras cosechas.<\/li>\n<li><a href=\"http:\/\/rediles.com\/hodeian\/index.php\/s\/ieXtnR6NBabSXCq\" target=\"_blank\" rel=\"noopener noreferrer\">Mochila el\u00e9ctrica<\/a> (v\u00eddeo) Un poco de bricolage al alcance de todos, para lograr una mochila multiuso y muy eficaz.<\/li>\n<li><a href=\"http:\/\/rediles.com\/hodeian\/index.php\/s\/5G77k5PMgeAfPHb\">Planificaci\u00f3n comercial de la huerta<\/a> (Hoja de c\u00e1lculo XLS) Versi\u00f3n realizada para Pa\u00eds Vasco.<\/li>\n<li><a title=\"Planificaci\u00f3n huerto \u00c1lava\" href=\"http:\/\/rediles.com\/hodeian\/index.php\/s\/Qma4bpZBA7sJEFK\" target=\"_blank\" rel=\"noopener noreferrer\">Planificaci\u00f3n huerta \u00c1lava<\/a> (pdf) Documento elaborado teniendo en cuenta datos de productores de \u00c1lava, que incluye calendario de siembra y marcos de plantaci\u00f3n<\/li>\n<li><a title=\"Planificaci\u00f3n huerto Bizkaia y Gipuzkoa\" href=\"http:\/\/rediles.com\/hodeian\/index.php\/s\/Li5S3wkLNP7HiCL\" target=\"_blank\" rel=\"noopener noreferrer\">Planificaci\u00f3n huerta Bizkaia y Gipuzkoa<\/a> (pdf) Documento elaborado teniendo en cuenta datos de productores de Bizkaia y Gipuzkoa, que incluye calendario de siembra y marcos de plantaci\u00f3n<\/li>\n<li><a href=\"http:\/\/rediles.com\/hodeian\/index.php\/s\/9EgsWpcKc7pDBxi\" target=\"_blank\" rel=\"noopener noreferrer\">Verduras de temporada<\/a> (pdf) Calendario en el que aparece una aproximaci\u00f3n de las verduras que se pueden RECOLECTAR en cada mes por nuestra latitud (Creo que en general ser\u00eda bastante aplicable al norte peninsular)<\/li>\n<li><a href=\"http:\/\/rediles.com\/hodeian\/index.php\/s\/MJybijqaxTJw8mR\" target=\"_blank\" rel=\"noopener noreferrer\">Manual de construcci\u00f3n con bamb\u00fa<\/a> (pdf) Libro antiguo pero interesante sobre las t\u00e9cnicas de construcci\u00f3n con bamb\u00fa<\/li>\n<li>I<a href=\"http:\/\/rediles.com\/hodeian\/index.php\/s\/dSLAKQ5dnTS8Njo\" target=\"_blank\" rel=\"noopener noreferrer\">nventario Espa\u00f1ol de los Conocimientos Tradicionales relativos a la Biodiversidad<\/a> (pdf) Extenso libro del Ministerio de Agricultura, Alimentaci\u00f3n y Medio Ambiente, considerado como una primera fase: Introducci\u00f3n, metodolog\u00eda y fichas.<\/li>\n<\/ul>\n\n\n<p><\/p>\n","protected":false},"excerpt":{"rendered":"<p>Nuestro terreno El suelo de cultivo (pdf) Conocer bien el terreno es una de las bases m\u00e1s importantes para llevar a cabo un cultivo adecuado y eficaz. M\u00e9todos para identificar nuestro terreno (pdf) Un compendio de los sistemas m\u00e1s sencillos &hellip;<\/p>\n<p class=\"read-more\"> <a class=\"more-link\" href=\"http:\/\/rediles.com\/agroecologia\/documentos\/\"> <span class=\"screen-reader-text\">Documentos<\/span> Leer m\u00e1s \u00bb<\/a><\/p>\n","protected":false},"author":1740,"featured_media":0,"parent":0,"menu_order":2,"comment_status":"open","ping_status":"closed","template":"","meta":{"_bbp_topic_count":0,"_bbp_reply_count":0,"_bbp_total_topic_count":0,"_bbp_total_reply_count":0,"_bbp_voice_count":0,"_bbp_anonymous_reply_count":0,"_bbp_topic_count_hidden":0,"_bbp_reply_count_hidden":0,"_bbp_forum_subforum_count":0,"footnotes":"","_links_to":"","_links_to_target":""},"class_list":["post-27","page","type-page","status-publish","hentry"],"_links":{"self":[{"href":"http:\/\/rediles.com\/agroecologia\/wp-json\/wp\/v2\/pages\/27","targetHints":{"allow":["GET"]}}],"collection":[{"href":"http:\/\/rediles.com\/agroecologia\/wp-json\/wp\/v2\/pages"}],"about":[{"href":"http:\/\/rediles.com\/agroecologia\/wp-json\/wp\/v2\/types\/page"}],"author":[{"embeddable":true,"href":"http:\/\/rediles.com\/agroecologia\/wp-json\/wp\/v2\/users\/1740"}],"replies":[{"embeddable":true,"href":"http:\/\/rediles.com\/agroecologia\/wp-json\/wp\/v2\/comments?post=27"}],"version-history":[{"count":1,"href":"http:\/\/rediles.com\/agroecologia\/wp-json\/wp\/v2\/pages\/27\/revisions"}],"predecessor-version":[{"id":2506,"href":"http:\/\/rediles.com\/agroecologia\/wp-json\/wp\/v2\/pages\/27\/revisions\/2506"}],"wp:attachment":[{"href":"http:\/\/rediles.com\/agroecologia\/wp-json\/wp\/v2\/media?parent=27"}],"curies":[{"name":"wp","href":"https:\/\/api.w.org\/{rel}","templated":true}]}}