{"id":5,"date":"2015-02-26T00:13:33","date_gmt":"2015-02-26T00:13:33","guid":{"rendered":"http:\/\/rediles.com\/autosuficienciacolectiva\/?page_id=5"},"modified":"2015-02-26T01:03:23","modified_gmt":"2015-02-26T01:03:23","slug":"que-trata-esta-web","status":"publish","type":"page","link":"http:\/\/rediles.com\/autosuficienciacolectiva\/que-trata-esta-web\/","title":{"rendered":"Qu\u00e9 trata esta web"},"content":{"rendered":"<p>Esta tarde le he estado dando vueltas a un t\u00e9rmino que me ha pasado por la cabeza, y que me parece muy interesante. Se trata de la autosuficiencia colectiva.<\/p>\n<p>En principio, cuando hablamos de autosuficiencia, parece que el t\u00e9rmino hace referencia a la capacidad individual de algo de mantenerse por s\u00ed solo. De no necesitar de la ayuda de nadie.<\/p>\n<p>Creo que ese tipo de autosuficiencia individualista, adem\u00e1s de aburrida, no es posible. Incluso en el caso de tener que sobrevivir en una isla desierta, sin m\u00e1s personas a nuestro alrededor, deber\u00edamos valorar a los dem\u00e1s seres vivos (y no vivos) de la isla como seres de los que depende nuestra subsistencia, y deber\u00edamos valorar el que del equilibrio al que lleguemos en nuestra relaci\u00f3n con ellos pueda depender nuestra subsistencia. Si no cuidamos de lo que nos rodea, lo que nos rodea es posible que no pueda cuidar de nosotros.<\/p>\n<p>Por todo eso, mi conclusi\u00f3n ha sido que la autosuficiencia solo se puede entender desde el punto de vista de lo colectivo. Los habitantes de una isla pueden ser autosuficientes si no dependen para sobrevivir de los habitantes de otras islas vecinas, pero en ning\u00fan caso creo que se pueda ni deba concebir la persona autosuficiente. Creo que ya en la definici\u00f3n de \u00abpersona\u00bb como individuo de la especie humana, va imbuida la idea de dependencia de otras personas con las que poder formar una sociedad autosuficiente.<\/p>\n<p>Todo esto que cuento, me ha surgido al tratar de buscar qu\u00e9 tienen en com\u00fan cosas como el software libre, la agroecolog\u00eda, el dise\u00f1o libre, herramientas de fabricaci\u00f3n accesibles como la impresi\u00f3n 3D, las energ\u00edas renovables, la cultura libre&#8230;\u00a0 Tras pensar un rato, me ha parecido que todo eso ten\u00eda en com\u00fan la b\u00fasqueda de la autosuficiencia, de aumentar la resiliencia, pero no desde un punto de vista individualista, sino desde un punto de vista colectivo.<\/p>\n<p>Tras esa reflexi\u00f3n, me ha parecido interesante el tratar de compartir en un mismo lugar informaciones sobre herramientas que tengan ese mismo punto en com\u00fan que es buscar el aumento de la autosuficiencia colectiva. En muchos casos ser\u00e1n simplemente enlaces a otras webs que traten temas concretos.<\/p>\n<p>El aumento de autosuficiencia de algunos individuos puede en muchos casos aumentar tambi\u00e9n la autosuficiencia del colectivo en el que se integran (una persona cultiva sus propios alimentos, con lo que el resto de la sociedad no tiene necesidad de producir tanto). En otros casos, el aumento de autosuficiencia de algunos individuos puede ir asociado a un empeoramiento general (una persona consigue que la sociedad le aporte todo lo que necesita para vivir, al mismo tiempo que esa persona no aporta nada a la sociedad). En efecto, tambi\u00e9n existen herramientas cuya utilidad podr\u00eda acercarse m\u00e1s a la de este \u00faltimo caso. De esas, con el permiso de la audiencia, tratar\u00e9 de evitar su difusi\u00f3n en esta web.<\/p>\n<p>Buscando \u00abautosuficiencia colectiva\u00bb por internet veo que, aunque no mucho, hay cosas escritas sobre el tema. Espero tener alg\u00fan d\u00eda algo de tiempo para indagar un poco.<\/p>\n","protected":false},"excerpt":{"rendered":"<p>Esta tarde le he estado dando vueltas a un t\u00e9rmino que me ha pasado por la cabeza, y que me parece muy interesante. Se trata de la autosuficiencia colectiva. En principio, cuando hablamos de autosuficiencia, parece que el t\u00e9rmino hace &hellip; <a href=\"http:\/\/rediles.com\/autosuficienciacolectiva\/que-trata-esta-web\/\">Sigue leyendo <span class=\"meta-nav\">&rarr;<\/span><\/a><\/p>\n","protected":false},"author":2,"featured_media":0,"parent":0,"menu_order":0,"comment_status":"open","ping_status":"open","template":"","meta":{"_bbp_topic_count":0,"_bbp_reply_count":0,"_bbp_total_topic_count":0,"_bbp_total_reply_count":0,"_bbp_voice_count":0,"_bbp_anonymous_reply_count":0,"_bbp_topic_count_hidden":0,"_bbp_reply_count_hidden":0,"_bbp_forum_subforum_count":0,"footnotes":"","_links_to":"","_links_to_target":""},"class_list":["post-5","page","type-page","status-publish","hentry"],"_links":{"self":[{"href":"http:\/\/rediles.com\/autosuficienciacolectiva\/wp-json\/wp\/v2\/pages\/5","targetHints":{"allow":["GET"]}}],"collection":[{"href":"http:\/\/rediles.com\/autosuficienciacolectiva\/wp-json\/wp\/v2\/pages"}],"about":[{"href":"http:\/\/rediles.com\/autosuficienciacolectiva\/wp-json\/wp\/v2\/types\/page"}],"author":[{"embeddable":true,"href":"http:\/\/rediles.com\/autosuficienciacolectiva\/wp-json\/wp\/v2\/users\/2"}],"replies":[{"embeddable":true,"href":"http:\/\/rediles.com\/autosuficienciacolectiva\/wp-json\/wp\/v2\/comments?post=5"}],"version-history":[{"count":2,"href":"http:\/\/rediles.com\/autosuficienciacolectiva\/wp-json\/wp\/v2\/pages\/5\/revisions"}],"predecessor-version":[{"id":8,"href":"http:\/\/rediles.com\/autosuficienciacolectiva\/wp-json\/wp\/v2\/pages\/5\/revisions\/8"}],"wp:attachment":[{"href":"http:\/\/rediles.com\/autosuficienciacolectiva\/wp-json\/wp\/v2\/media?parent=5"}],"curies":[{"name":"wp","href":"https:\/\/api.w.org\/{rel}","templated":true}]}}