{"id":2,"date":"2010-07-08T13:47:21","date_gmt":"2010-07-08T13:47:21","guid":{"rendered":"http:\/\/rediles.com\/ciencia\/?page_id=2"},"modified":"2010-07-08T14:05:59","modified_gmt":"2010-07-08T14:05:59","slug":"acerca-de","status":"publish","type":"page","link":"http:\/\/rediles.com\/ciencia\/acerca-de\/","title":{"rendered":"Acerca de"},"content":{"rendered":"<p>Hace alg\u00fan tiempo, dudax creo un grupo llamado dudas cient\u00edficas en el que se expon\u00edan cuestiones que nos hac\u00edan emplear un poco la l\u00f3gica y nuestros conocimientos cient\u00edficos. A m\u00ed me gust\u00f3, porque me hac\u00eda recordar cosas que hace tiempo que no empleo, y que ten\u00eda totalmente olvidadas.<\/p>\n<p>Tras hablarlo con dudax, hemos decidido crear un blog donde esas cuestiones, y las posibles dudas y soluciones que surjan en torno a ellas, aparezcan ordenadas en una sola p\u00e1gina de un art\u00edculo del blog con sus comentarios (y no como hasta ahora que aparec\u00edan bastante desordenadas entre mensajes del grupo, y otros mensajes que aparec\u00edan dispersos y dif\u00edciles de encontrar).<\/p>\n<p>Por favor, quien quiera aportar art\u00edculos que no dude en registrarse en el blog. Si tienes alguna duda de c\u00f3mo introducir un art\u00edculo nuevo, no dudes en preguntar.<\/p>\n<p>De paso, se pueden tratar no s\u00f3lo problemas para resolver, sino aportar informaci\u00f3n cient\u00edfica interesante, o enlaces a noticias cient\u00edficas interesantes.<\/p>\n<p>Disfrutemos de la ciencia<\/p>\n","protected":false},"excerpt":{"rendered":"<p>Hace alg\u00fan tiempo, dudax creo un grupo llamado dudas cient\u00edficas en el que se expon\u00edan cuestiones que nos hac\u00edan emplear un poco la l\u00f3gica y nuestros conocimientos cient\u00edficos. A m\u00ed me gust\u00f3, porque me hac\u00eda recordar cosas que hace tiempo que no empleo, y que ten\u00eda totalmente olvidadas. Tras hablarlo con dudax, hemos decidido crear [&hellip;]<\/p>\n","protected":false},"author":2,"featured_media":0,"parent":0,"menu_order":0,"comment_status":"open","ping_status":"open","template":"","meta":{"_bbp_topic_count":0,"_bbp_reply_count":0,"_bbp_total_topic_count":0,"_bbp_total_reply_count":0,"_bbp_voice_count":0,"_bbp_anonymous_reply_count":0,"_bbp_topic_count_hidden":0,"_bbp_reply_count_hidden":0,"_bbp_forum_subforum_count":0,"footnotes":"","_links_to":"","_links_to_target":""},"class_list":["post-2","page","type-page","status-publish","hentry"],"_links":{"self":[{"href":"http:\/\/rediles.com\/ciencia\/wp-json\/wp\/v2\/pages\/2","targetHints":{"allow":["GET"]}}],"collection":[{"href":"http:\/\/rediles.com\/ciencia\/wp-json\/wp\/v2\/pages"}],"about":[{"href":"http:\/\/rediles.com\/ciencia\/wp-json\/wp\/v2\/types\/page"}],"author":[{"embeddable":true,"href":"http:\/\/rediles.com\/ciencia\/wp-json\/wp\/v2\/users\/2"}],"replies":[{"embeddable":true,"href":"http:\/\/rediles.com\/ciencia\/wp-json\/wp\/v2\/comments?post=2"}],"version-history":[{"count":6,"href":"http:\/\/rediles.com\/ciencia\/wp-json\/wp\/v2\/pages\/2\/revisions"}],"predecessor-version":[{"id":4,"href":"http:\/\/rediles.com\/ciencia\/wp-json\/wp\/v2\/pages\/2\/revisions\/4"}],"wp:attachment":[{"href":"http:\/\/rediles.com\/ciencia\/wp-json\/wp\/v2\/media?parent=2"}],"curies":[{"name":"wp","href":"https:\/\/api.w.org\/{rel}","templated":true}]}}