{"id":2,"date":"2011-11-06T21:43:32","date_gmt":"2011-11-06T21:43:32","guid":{"rendered":"http:\/\/rediles.com\/dignodeverse\/?page_id=2"},"modified":"2011-11-06T22:03:08","modified_gmt":"2011-11-06T22:03:08","slug":"pagina-ejemplo","status":"publish","type":"page","link":"http:\/\/rediles.com\/dignodeverse\/pagina-ejemplo\/","title":{"rendered":"Acerca de"},"content":{"rendered":"<p>ReDiles es un sitio en el que no se rechazan los blogs personales, siempre dentro de lo social-ecol\u00f3gico-cultural, pero donde se potencian sobre todo los blogs colaborativos.<\/p>\n<p>Hay ya unos cuantos blogs en ReDiles sobre tem\u00e1ticas diversas, en los cuales se puede solicitar participar, para publicar cosas relacionadas con los temas que tratan.<\/p>\n<p>Se echaba en falta un sitio donde publicar ciertas cosas que parec\u00edan no encajar bien en ninguna tem\u00e1tica concreta, pero que al mismo tiempo parec\u00edan dignas de ser vistas. Es por ello que he lanzado este blog, en el que espero que muchos quer\u00e1is participar con vuestras aportaciones realmente \u00abDignas de Verse\u00bb.<\/p>\n<p>             SAlu2<\/p>\n<p>               Roberto<\/p>\n","protected":false},"excerpt":{"rendered":"<p>ReDiles es un sitio en el que no se rechazan los blogs personales, siempre dentro de lo social-ecol\u00f3gico-cultural, pero donde se potencian sobre todo los blogs colaborativos. Hay ya unos cuantos blogs en ReDiles sobre tem\u00e1ticas diversas, en los cuales &hellip; <a href=\"http:\/\/rediles.com\/dignodeverse\/pagina-ejemplo\/\">Sigue leyendo <span class=\"meta-nav\">&rarr;<\/span><\/a><\/p>\n","protected":false},"author":2,"featured_media":0,"parent":0,"menu_order":0,"comment_status":"open","ping_status":"open","template":"","meta":{"_bbp_topic_count":0,"_bbp_reply_count":0,"_bbp_total_topic_count":0,"_bbp_total_reply_count":0,"_bbp_voice_count":0,"_bbp_anonymous_reply_count":0,"_bbp_topic_count_hidden":0,"_bbp_reply_count_hidden":0,"_bbp_forum_subforum_count":0,"footnotes":"","_links_to":"","_links_to_target":""},"class_list":["post-2","page","type-page","status-publish","hentry"],"_links":{"self":[{"href":"http:\/\/rediles.com\/dignodeverse\/wp-json\/wp\/v2\/pages\/2","targetHints":{"allow":["GET"]}}],"collection":[{"href":"http:\/\/rediles.com\/dignodeverse\/wp-json\/wp\/v2\/pages"}],"about":[{"href":"http:\/\/rediles.com\/dignodeverse\/wp-json\/wp\/v2\/types\/page"}],"author":[{"embeddable":true,"href":"http:\/\/rediles.com\/dignodeverse\/wp-json\/wp\/v2\/users\/2"}],"replies":[{"embeddable":true,"href":"http:\/\/rediles.com\/dignodeverse\/wp-json\/wp\/v2\/comments?post=2"}],"version-history":[{"count":2,"href":"http:\/\/rediles.com\/dignodeverse\/wp-json\/wp\/v2\/pages\/2\/revisions"}],"predecessor-version":[{"id":8,"href":"http:\/\/rediles.com\/dignodeverse\/wp-json\/wp\/v2\/pages\/2\/revisions\/8"}],"wp:attachment":[{"href":"http:\/\/rediles.com\/dignodeverse\/wp-json\/wp\/v2\/media?parent=2"}],"curies":[{"name":"wp","href":"https:\/\/api.w.org\/{rel}","templated":true}]}}