{"id":115,"date":"2012-03-22T01:34:15","date_gmt":"2012-03-22T01:34:15","guid":{"rendered":"http:\/\/rediles.com\/fracking\/?page_id=115"},"modified":"2012-03-22T01:44:06","modified_gmt":"2012-03-22T01:44:06","slug":"sitio-libre-de-fracking","status":"publish","type":"page","link":"http:\/\/rediles.com\/fracking\/sitio-libre-de-fracking\/","title":{"rendered":"Sitio Libre de FRACKING"},"content":{"rendered":"<p>Si deseas adherirte a la campa\u00f1a, no tienes m\u00e1s que descargarte la imagen que m\u00e1s te guste o que mejor se adapte a tu web, y colocarla en un lugar bien visible (iremos a\u00f1adiendo diferentes formatos).<\/p>\n<p>Puedes informarnos de la adhesi\u00f3n de tu sitio WEB a trav\u00e9s de los comentarios.<\/p>\n<p><img loading=\"lazy\" decoding=\"async\" class=\"alignnone\" src=\"http:\/\/rediles.com\/fracking\/files\/2012\/02\/sitio-sin-fracking.png\" alt=\"Sitio libre de fracking\" width=\"180\" height=\"194\" \/><\/p>\n<p>&nbsp;<\/p>\n<p>Incluiremos tambi\u00e9n las im\u00e1genes de la campa\u00f1a de municipios libres de FRACKING iniciada en \u00c1lava, por si pudiera servir para otros lugares.<\/p>\n","protected":false},"excerpt":{"rendered":"<p>Si deseas adherirte a la campa\u00f1a, no tienes m\u00e1s que descargarte la imagen que m\u00e1s te guste o que mejor se adapte a tu web, y colocarla en un lugar bien visible (iremos a\u00f1adiendo diferentes formatos). Puedes informarnos de la &hellip; <a href=\"http:\/\/rediles.com\/fracking\/sitio-libre-de-fracking\/\">Sigue leyendo <span class=\"meta-nav\">&rarr;<\/span><\/a><\/p>\n","protected":false},"author":2,"featured_media":0,"parent":0,"menu_order":0,"comment_status":"open","ping_status":"open","template":"","meta":{"_bbp_topic_count":0,"_bbp_reply_count":0,"_bbp_total_topic_count":0,"_bbp_total_reply_count":0,"_bbp_voice_count":0,"_bbp_anonymous_reply_count":0,"_bbp_topic_count_hidden":0,"_bbp_reply_count_hidden":0,"_bbp_forum_subforum_count":0,"footnotes":"","_links_to":"","_links_to_target":""},"class_list":["post-115","page","type-page","status-publish","hentry"],"_links":{"self":[{"href":"http:\/\/rediles.com\/fracking\/wp-json\/wp\/v2\/pages\/115","targetHints":{"allow":["GET"]}}],"collection":[{"href":"http:\/\/rediles.com\/fracking\/wp-json\/wp\/v2\/pages"}],"about":[{"href":"http:\/\/rediles.com\/fracking\/wp-json\/wp\/v2\/types\/page"}],"author":[{"embeddable":true,"href":"http:\/\/rediles.com\/fracking\/wp-json\/wp\/v2\/users\/2"}],"replies":[{"embeddable":true,"href":"http:\/\/rediles.com\/fracking\/wp-json\/wp\/v2\/comments?post=115"}],"version-history":[{"count":2,"href":"http:\/\/rediles.com\/fracking\/wp-json\/wp\/v2\/pages\/115\/revisions"}],"predecessor-version":[{"id":124,"href":"http:\/\/rediles.com\/fracking\/wp-json\/wp\/v2\/pages\/115\/revisions\/124"}],"wp:attachment":[{"href":"http:\/\/rediles.com\/fracking\/wp-json\/wp\/v2\/media?parent=115"}],"curies":[{"name":"wp","href":"https:\/\/api.w.org\/{rel}","templated":true}]}}