{"id":1035,"date":"2012-02-02T03:50:56","date_gmt":"2012-02-02T03:50:56","guid":{"rendered":"http:\/\/rediles.com\/gasteizentransicion\/?page_id=1035"},"modified":"2012-02-02T03:55:46","modified_gmt":"2012-02-02T03:55:46","slug":"manual-de-uso-de-la-web","status":"publish","type":"page","link":"http:\/\/rediles.com\/gasteizentransicion\/grupos-vgt\/web\/manual-de-uso-de-la-web\/","title":{"rendered":"Manual de uso de la WEB"},"content":{"rendered":"<p>Este manual de la WEB de Vitoria-Gasteiz en Transici\u00f3n es un documento en constante evoluci\u00f3n, que tratar\u00e1 de incluir todas las consultas que vayan surgiendo (osea, que a consultar dudas).<\/p>\n<p>&nbsp;<\/p>\n<p>CONSULTA de DUDAS:<\/p>\n<p>Se ha habilitado un formulario de contacto solo para temas de la WEB. Usalo siempre que lo consideres necesario: <a title=\"Formulario de contacto para consultas sobre uso WEB VGT\" href=\"http:\/\/rediles.com\/gasteizentransicion\/grupos-vgt\/web\/formulario-consulta-web\/\">http:\/\/rediles.com\/gasteizentransicion\/grupos-vgt\/web\/formulario-consulta-web\/<\/a><\/p>\n<p>&nbsp;<\/p>\n<p>ALTA en la WEB:<\/p>\n<p>Solocita ser dado de alta en cualquiera de las asambleas de VGT, dando tu direcci\u00f3n de correo, tu nombre, y el nombre con que deseas aparecer (nick).<\/p>\n<p>Al darte de alta, se te enviar\u00e1 un correo con un enlace que deber\u00e1s seguir para activar tu cuenta. Se te dar\u00e1 una contrase\u00f1a de acceso (si la olvidas, podr\u00e1s solicitar una nueva en cualquier momento que te ser\u00e1 enviada a tu direcci\u00f3n de correo).<\/p>\n<p>&nbsp;<\/p>\n<p>PUBLICACI\u00d3N de NUEVA ENTRADA:<\/p>\n<ul>\n<li>Debes estar dado de alta como Autor en la WEB de VGT (en caso de no aparecer como Autor, solic\u00edtalo a cualquiera de los miembros del grupo WEB)<\/li>\n<li>Ir a <a href=\"http:\/\/rediles.com\/gasteizentransicion\/wp-admin\/\">http:\/\/rediles.com\/gasteizentransicion\/wp-admin\/<\/a> (si no te has identificado ya en ReDiles, te pedir\u00e1 usuario y contrase\u00f1a).<\/li>\n<li>Men\u00fa izda: Entrada &#8211;&gt; A\u00f1adir nueva<\/li>\n<li>Poner t\u00edtulo, texto, categor\u00edas (<span style=\"text-decoration: underline\">muy importante seleccionar correctamente las categor\u00edas<\/span>, para que llegue una notificaci\u00f3n a todxs los que est\u00e1n suscritxs en esas categor\u00edas. Se pueden seleccionar varias)<\/li>\n<li>Dentro del apartado de texto se podr\u00e1n incluir im\u00e1genes y v\u00eddeos. Para incluir v\u00eddeos de youtube o vimeo, basta con escribir la direcci\u00f3n del v\u00eddeo en dichas webs (no es necesario utilizar la opci\u00f3n del c\u00f3digo de inserci\u00f3n o embebido).<\/li>\n<li>Pulsar el bot\u00f3n \u00abpublicar\u00bb, casi arriba del todo a la drcha.<\/li>\n<li>Descansar satisfechx por el trabajo realizado.<\/li>\n<\/ul>\n","protected":false},"excerpt":{"rendered":"<p>Este manual de la WEB de Vitoria-Gasteiz en Transici\u00f3n es un documento en constante evoluci\u00f3n, que tratar\u00e1 de incluir todas las consultas que vayan surgiendo (osea, que a consultar dudas). &nbsp; CONSULTA de DUDAS: Se ha habilitado un formulario de &hellip; <a href=\"http:\/\/rediles.com\/gasteizentransicion\/grupos-vgt\/web\/manual-de-uso-de-la-web\/\">Sigue leyendo <span class=\"meta-nav\">&rarr;<\/span><\/a><\/p>\n","protected":false},"author":2,"featured_media":0,"parent":1003,"menu_order":0,"comment_status":"open","ping_status":"open","template":"","meta":{"_bbp_topic_count":0,"_bbp_reply_count":0,"_bbp_total_topic_count":0,"_bbp_total_reply_count":0,"_bbp_voice_count":0,"_bbp_anonymous_reply_count":0,"_bbp_topic_count_hidden":0,"_bbp_reply_count_hidden":0,"_bbp_forum_subforum_count":0,"footnotes":"","_links_to":"","_links_to_target":""},"class_list":["post-1035","page","type-page","status-publish","hentry"],"_links":{"self":[{"href":"http:\/\/rediles.com\/gasteizentransicion\/wp-json\/wp\/v2\/pages\/1035","targetHints":{"allow":["GET"]}}],"collection":[{"href":"http:\/\/rediles.com\/gasteizentransicion\/wp-json\/wp\/v2\/pages"}],"about":[{"href":"http:\/\/rediles.com\/gasteizentransicion\/wp-json\/wp\/v2\/types\/page"}],"author":[{"embeddable":true,"href":"http:\/\/rediles.com\/gasteizentransicion\/wp-json\/wp\/v2\/users\/2"}],"replies":[{"embeddable":true,"href":"http:\/\/rediles.com\/gasteizentransicion\/wp-json\/wp\/v2\/comments?post=1035"}],"version-history":[{"count":3,"href":"http:\/\/rediles.com\/gasteizentransicion\/wp-json\/wp\/v2\/pages\/1035\/revisions"}],"predecessor-version":[{"id":1037,"href":"http:\/\/rediles.com\/gasteizentransicion\/wp-json\/wp\/v2\/pages\/1035\/revisions\/1037"}],"up":[{"embeddable":true,"href":"http:\/\/rediles.com\/gasteizentransicion\/wp-json\/wp\/v2\/pages\/1003"}],"wp:attachment":[{"href":"http:\/\/rediles.com\/gasteizentransicion\/wp-json\/wp\/v2\/media?parent=1035"}],"curies":[{"name":"wp","href":"https:\/\/api.w.org\/{rel}","templated":true}]}}