{"id":2,"date":"2011-05-16T21:59:39","date_gmt":"2011-05-16T21:59:39","guid":{"rendered":"http:\/\/rediles.com\/huertodepalabras\/?page_id=2"},"modified":"2013-11-14T15:17:51","modified_gmt":"2013-11-14T15:17:51","slug":"%c2%bfque-es-esto","status":"publish","type":"page","link":"http:\/\/rediles.com\/huertodepalabras\/%c2%bfque-es-esto\/","title":{"rendered":"\u00bfQu\u00e9 es \u00e9sto?"},"content":{"rendered":"<p>Esta web, en formato blog, pretende ser como un semillero donde se siembren palabras, para ver si germinan y dan lugar a que se cumpla un deseo, un proyecto&#8230;<\/p>\n<p>Cada deseo, idea, proyecto&#8230; se expondr\u00e1 en un art\u00edculo o post del blog, intentando ser breves y concisos.<br \/>\nLos comentarios podr\u00e1n servir para que las personas que puedan tener alg\u00fan inter\u00e9s en ayudar, colaborar, participar, animar, informar, sugerir,&#8230; puedan ponerse en contacto con el autor, y se pueda generar un grupo o una red en torno a ese proyecto concreto.<\/p>\n<p>Se puede informar sobre necesidades materiales, de informaci\u00f3n-conocimiento, de colaboraci\u00f3n, de difusi\u00f3n, de apoyo moral&#8230;<\/p>\n<p>Por tanto, este \u00abblog\u00bb (que no es tal en realidad), solo tiene sentido desde la multiautor\u00eda de los \u00abart\u00edculos\u00bb, deseos, peticiones,&#8230; demandas al fin y al cabo. Hace falta que muchas personas puedan escribir sus peticiones en el blog. Para ello tienen que estar dadas de alta como autores. Si quieres ser una de esas personas, utiliza el siguiente formulario para pedir tu admisi\u00f3n (el contenido del formulario no ser\u00e1 publicado, sino que le llegar\u00e1 al administrador de la web):<\/p>\n\n<div class=\"wpcf7 no-js\" id=\"wpcf7-f16-o1\" lang=\"\" dir=\"ltr\" data-wpcf7-id=\"16\">\n<div class=\"screen-reader-response\"><p role=\"status\" aria-live=\"polite\" aria-atomic=\"true\"><\/p> <ul><\/ul><\/div>\n<form action=\"\/huertodepalabras\/wp-json\/wp\/v2\/pages\/2#wpcf7-f16-o1\" method=\"post\" class=\"wpcf7-form init\" aria-label=\"Formulario de contacto\" novalidate=\"novalidate\" data-status=\"init\">\n<div style=\"display: none;\">\n<input type=\"hidden\" name=\"_wpcf7\" value=\"16\" \/>\n<input type=\"hidden\" name=\"_wpcf7_version\" value=\"6.0.5\" \/>\n<input type=\"hidden\" name=\"_wpcf7_locale\" value=\"\" \/>\n<input type=\"hidden\" name=\"_wpcf7_unit_tag\" value=\"wpcf7-f16-o1\" \/>\n<input type=\"hidden\" name=\"_wpcf7_container_post\" value=\"0\" \/>\n<input type=\"hidden\" name=\"_wpcf7_posted_data_hash\" value=\"\" \/>\n<\/div>\n<p>Tu nombre (obligatorio)\n<\/p>\n<p><span class=\"wpcf7-form-control-wrap\" data-name=\"your-name\"><input size=\"40\" maxlength=\"400\" class=\"wpcf7-form-control wpcf7-text wpcf7-validates-as-required\" aria-required=\"true\" aria-invalid=\"false\" value=\"\" type=\"text\" name=\"your-name\" \/><\/span>\n<\/p>\n<p>Tu email (obligatorio)\n<\/p>\n<p><span class=\"wpcf7-form-control-wrap\" data-name=\"your-email\"><input size=\"40\" maxlength=\"400\" class=\"wpcf7-form-control wpcf7-email wpcf7-validates-as-required wpcf7-text wpcf7-validates-as-email\" aria-required=\"true\" aria-invalid=\"false\" value=\"\" type=\"email\" name=\"your-email\" \/><\/span>\n<\/p>\n<p>Asunto\n<\/p>\n<p><span class=\"wpcf7-form-control-wrap\" data-name=\"your-subject\"><input size=\"40\" maxlength=\"400\" class=\"wpcf7-form-control wpcf7-text\" aria-invalid=\"false\" value=\"\" type=\"text\" name=\"your-subject\" \/><\/span>\n<\/p>\n<p>Tu mensaje\n<\/p>\n<p><span class=\"wpcf7-form-control-wrap\" data-name=\"your-message\"><textarea cols=\"40\" rows=\"10\" maxlength=\"2000\" class=\"wpcf7-form-control wpcf7-textarea\" aria-invalid=\"false\" name=\"your-message\"><\/textarea><\/span>\n<\/p>\n<p><input class=\"wpcf7-form-control wpcf7-submit has-spinner\" type=\"submit\" value=\"Enviar\" \/>\n<\/p><p style=\"display: none !important;\" class=\"akismet-fields-container\" data-prefix=\"_wpcf7_ak_\"><label>&#916;<textarea name=\"_wpcf7_ak_hp_textarea\" cols=\"45\" rows=\"8\" maxlength=\"100\"><\/textarea><\/label><input type=\"hidden\" id=\"ak_js_1\" name=\"_wpcf7_ak_js\" value=\"51\"\/><script>document.getElementById( \"ak_js_1\" ).setAttribute( \"value\", ( new Date() ).getTime() );<\/script><\/p><div class=\"wpcf7-response-output\" aria-hidden=\"true\"><\/div>\n<\/form>\n<\/div>\n\n","protected":false},"excerpt":{"rendered":"<p>Esta web, en formato blog, pretende ser como un semillero donde se siembren palabras, para ver si germinan y dan lugar a que se cumpla un deseo, un proyecto&#8230; Cada deseo, idea, proyecto&#8230; se expondr\u00e1 en un art\u00edculo o post &hellip; <a href=\"http:\/\/rediles.com\/huertodepalabras\/%c2%bfque-es-esto\/\">Sigue leyendo <span class=\"meta-nav\">&rarr;<\/span><\/a><\/p>\n","protected":false},"author":2,"featured_media":0,"parent":0,"menu_order":0,"comment_status":"closed","ping_status":"closed","template":"","meta":{"_bbp_topic_count":0,"_bbp_reply_count":0,"_bbp_total_topic_count":0,"_bbp_total_reply_count":0,"_bbp_voice_count":0,"_bbp_anonymous_reply_count":0,"_bbp_topic_count_hidden":0,"_bbp_reply_count_hidden":0,"_bbp_forum_subforum_count":0,"footnotes":"","_links_to":"","_links_to_target":""},"class_list":["post-2","page","type-page","status-publish","hentry"],"_links":{"self":[{"href":"http:\/\/rediles.com\/huertodepalabras\/wp-json\/wp\/v2\/pages\/2","targetHints":{"allow":["GET"]}}],"collection":[{"href":"http:\/\/rediles.com\/huertodepalabras\/wp-json\/wp\/v2\/pages"}],"about":[{"href":"http:\/\/rediles.com\/huertodepalabras\/wp-json\/wp\/v2\/types\/page"}],"author":[{"embeddable":true,"href":"http:\/\/rediles.com\/huertodepalabras\/wp-json\/wp\/v2\/users\/2"}],"replies":[{"embeddable":true,"href":"http:\/\/rediles.com\/huertodepalabras\/wp-json\/wp\/v2\/comments?post=2"}],"version-history":[{"count":3,"href":"http:\/\/rediles.com\/huertodepalabras\/wp-json\/wp\/v2\/pages\/2\/revisions"}],"predecessor-version":[{"id":17,"href":"http:\/\/rediles.com\/huertodepalabras\/wp-json\/wp\/v2\/pages\/2\/revisions\/17"}],"wp:attachment":[{"href":"http:\/\/rediles.com\/huertodepalabras\/wp-json\/wp\/v2\/media?parent=2"}],"curies":[{"name":"wp","href":"https:\/\/api.w.org\/{rel}","templated":true}]}}