{"id":65,"date":"2014-02-18T15:57:07","date_gmt":"2014-02-18T15:57:07","guid":{"rendered":"http:\/\/rediles.com\/lahuertadelosrobles\/?page_id=65"},"modified":"2014-02-18T15:57:07","modified_gmt":"2014-02-18T15:57:07","slug":"la-manobra","status":"publish","type":"page","link":"http:\/\/rediles.com\/lahuertadelosrobles\/la-manobra\/","title":{"rendered":"<!--:es-->LA MANOBRA.<!--:-->"},"content":{"rendered":"<p><!--:es-->Con este t\u00edtulo se agrupan una serie de entradas vinculadas<span>\u00a0 <\/span>a la alba\u00f1iler\u00eda, la construcci\u00f3n y las peque\u00f1as <i>chapuzas<\/i>.<span>\u00a0 <\/span>Para hacer de estas notas e im\u00e1genes algo meridianamente comprensible me valdr\u00e9 de los <span>\u00a0<\/span>diferentes pasos que me plantear\u00e1n la construcci\u00f3n de una peque\u00f1a vivienda no muy lejos de <b>lahuertadelorobles.<\/b><!--:--><\/p>\n","protected":false},"excerpt":{"rendered":"<p>Con este t\u00edtulo se agrupan una serie de entradas vinculadas\u00a0 a la alba\u00f1iler\u00eda, la construcci\u00f3n y las peque\u00f1as chapuzas.\u00a0 Para hacer de estas notas e im\u00e1genes algo meridianamente comprensible me valdr\u00e9 de los \u00a0diferentes pasos que me plantear\u00e1n la construcci\u00f3n &hellip; <a href=\"http:\/\/rediles.com\/lahuertadelosrobles\/la-manobra\/\">Sigue leyendo <span class=\"meta-nav\">&rarr;<\/span><\/a><\/p>\n","protected":false},"author":1855,"featured_media":0,"parent":0,"menu_order":0,"comment_status":"open","ping_status":"open","template":"","meta":{"_bbp_topic_count":0,"_bbp_reply_count":0,"_bbp_total_topic_count":0,"_bbp_total_reply_count":0,"_bbp_voice_count":0,"_bbp_anonymous_reply_count":0,"_bbp_topic_count_hidden":0,"_bbp_reply_count_hidden":0,"_bbp_forum_subforum_count":0,"footnotes":"","_links_to":"","_links_to_target":""},"class_list":["post-65","page","type-page","status-publish","hentry"],"_links":{"self":[{"href":"http:\/\/rediles.com\/lahuertadelosrobles\/wp-json\/wp\/v2\/pages\/65","targetHints":{"allow":["GET"]}}],"collection":[{"href":"http:\/\/rediles.com\/lahuertadelosrobles\/wp-json\/wp\/v2\/pages"}],"about":[{"href":"http:\/\/rediles.com\/lahuertadelosrobles\/wp-json\/wp\/v2\/types\/page"}],"author":[{"embeddable":true,"href":"http:\/\/rediles.com\/lahuertadelosrobles\/wp-json\/wp\/v2\/users\/1855"}],"replies":[{"embeddable":true,"href":"http:\/\/rediles.com\/lahuertadelosrobles\/wp-json\/wp\/v2\/comments?post=65"}],"version-history":[{"count":2,"href":"http:\/\/rediles.com\/lahuertadelosrobles\/wp-json\/wp\/v2\/pages\/65\/revisions"}],"predecessor-version":[{"id":67,"href":"http:\/\/rediles.com\/lahuertadelosrobles\/wp-json\/wp\/v2\/pages\/65\/revisions\/67"}],"wp:attachment":[{"href":"http:\/\/rediles.com\/lahuertadelosrobles\/wp-json\/wp\/v2\/media?parent=65"}],"curies":[{"name":"wp","href":"https:\/\/api.w.org\/{rel}","templated":true}]}}