{"id":2,"date":"2016-11-17T10:02:29","date_gmt":"2016-11-17T10:02:29","guid":{"rendered":"http:\/\/rediles.com\/lakuakolore\/?page_id=2"},"modified":"2018-06-13T03:28:10","modified_gmt":"2018-06-13T03:28:10","slug":"lakuakolore","status":"publish","type":"page","link":"http:\/\/rediles.com\/lakuakolore\/es\/lakuakolore\/","title":{"rendered":"LakuaKoLore"},"content":{"rendered":"<p>LakuaKoLore es el proyecto promovido por la Asociaci\u00f3n Ecocultural Ekoburuz, que pretende construir y gestionar huertos de hortalizas y frutales, as\u00ed como zonas de bosque comestible, en parcelas p\u00fablicas urbanas de Lakua.<\/p>\n<p>Si tienes inter\u00e9s en participar, puedes <a href=\"http:\/\/rediles.com\/lakuakolore\/contacto\">ponerte en contacto con la asociaci\u00f3n<\/a> para recibir m\u00e1s informaci\u00f3n.<\/p>\n<p><center><iframe loading=\"lazy\" style=\"border: 0;\" src=\"https:\/\/www.google.com\/maps\/embed?pb=!1m18!1m12!1m3!1d6191.58424981804!2d-2.6935826845523376!3d42.86359006114586!2m3!1f0!2f0!3f0!3m2!1i1024!2i768!4f13.1!3m3!1m2!1s0xd4fc22f19b499e3%3A0x307ac3c32594c915!2sLakuaKoLore+-+Huertos+Ecol%C3%B3gicos+Colectivos+en+Lakua!5e1!3m2!1ses!2ses!4v1496617776139\" width=\"400\" height=\"300\" frameborder=\"0\" allowfullscreen=\"allowfullscreen\"><\/iframe><\/center><\/p>\n","protected":false},"excerpt":{"rendered":"<p>LakuaKoLore es el proyecto promovido por la Asociaci\u00f3n Ecocultural Ekoburuz, que pretende construir y gestionar huertos de hortalizas y frutales, as\u00ed como zonas de bosque comestible, en parcelas p\u00fablicas urbanas de Lakua. Si tienes inter\u00e9s en participar, puedes ponerte en contacto con la asociaci\u00f3n para recibir m\u00e1s informaci\u00f3n.<\/p>\n","protected":false},"author":2,"featured_media":0,"parent":0,"menu_order":0,"comment_status":"closed","ping_status":"closed","template":"","meta":{"_bbp_topic_count":0,"_bbp_reply_count":0,"_bbp_total_topic_count":0,"_bbp_total_reply_count":0,"_bbp_voice_count":0,"_bbp_anonymous_reply_count":0,"_bbp_topic_count_hidden":0,"_bbp_reply_count_hidden":0,"_bbp_forum_subforum_count":0,"footnotes":"","_links_to":"","_links_to_target":""},"class_list":["post-2","page","type-page","status-publish","hentry"],"_links":{"self":[{"href":"http:\/\/rediles.com\/lakuakolore\/wp-json\/wp\/v2\/pages\/2","targetHints":{"allow":["GET"]}}],"collection":[{"href":"http:\/\/rediles.com\/lakuakolore\/wp-json\/wp\/v2\/pages"}],"about":[{"href":"http:\/\/rediles.com\/lakuakolore\/wp-json\/wp\/v2\/types\/page"}],"author":[{"embeddable":true,"href":"http:\/\/rediles.com\/lakuakolore\/wp-json\/wp\/v2\/users\/2"}],"replies":[{"embeddable":true,"href":"http:\/\/rediles.com\/lakuakolore\/wp-json\/wp\/v2\/comments?post=2"}],"version-history":[{"count":2,"href":"http:\/\/rediles.com\/lakuakolore\/wp-json\/wp\/v2\/pages\/2\/revisions"}],"predecessor-version":[{"id":264,"href":"http:\/\/rediles.com\/lakuakolore\/wp-json\/wp\/v2\/pages\/2\/revisions\/264"}],"wp:attachment":[{"href":"http:\/\/rediles.com\/lakuakolore\/wp-json\/wp\/v2\/media?parent=2"}],"curies":[{"name":"wp","href":"https:\/\/api.w.org\/{rel}","templated":true}]}}