{"id":281,"date":"2018-07-31T10:58:28","date_gmt":"2018-07-31T10:58:28","guid":{"rendered":"http:\/\/rediles.com\/lakuakolore\/?page_id=281"},"modified":"2025-12-04T08:06:59","modified_gmt":"2025-12-04T08:06:59","slug":"documentos","status":"publish","type":"page","link":"http:\/\/rediles.com\/lakuakolore\/es\/documentos\/","title":{"rendered":"Documentos"},"content":{"rendered":"<p><strong><a href=\"https:\/\/drive.google.com\/file\/d\/1bNYYasBod7_005NAGqFrZtUBMNT6u7Kp\/view?usp=sharing\" target=\"_blank\" rel=\"noreferrer noopener\">NORMATIVA de los Huertos LakuaKoLore 2026-2030<\/a><\/strong><\/p>\n<p><a href=\"http:\/\/rediles.com\/hodeian\/index.php\/s\/NinpH4X43ArBG3o\" target=\"_blank\" rel=\"noopener\">Calendario de siembra y plantaci\u00f3n con marcos<\/a><\/p>\n<p>Tambi\u00e9n pod\u00e9is encontrar mucha informaci\u00f3n \u00fatil sobre agroecolog\u00eda en: <a href=\"http:\/\/rediles.com\/agroecologia\/documentos\/\">http:\/\/rediles.com\/agroecologia\/documentos\/<\/a><\/p>\n","protected":false},"excerpt":{"rendered":"<p>NORMATIVA de los Huertos LakuaKoLore 2026-2030 Calendario de siembra y plantaci\u00f3n con marcos Tambi\u00e9n pod\u00e9is encontrar mucha informaci\u00f3n \u00fatil sobre agroecolog\u00eda en: http:\/\/rediles.com\/agroecologia\/documentos\/<\/p>\n","protected":false},"author":2,"featured_media":0,"parent":0,"menu_order":2,"comment_status":"closed","ping_status":"closed","template":"","meta":{"_bbp_topic_count":0,"_bbp_reply_count":0,"_bbp_total_topic_count":0,"_bbp_total_reply_count":0,"_bbp_voice_count":0,"_bbp_anonymous_reply_count":0,"_bbp_topic_count_hidden":0,"_bbp_reply_count_hidden":0,"_bbp_forum_subforum_count":0,"footnotes":"","_links_to":"","_links_to_target":""},"class_list":["post-281","page","type-page","status-publish","hentry"],"_links":{"self":[{"href":"http:\/\/rediles.com\/lakuakolore\/wp-json\/wp\/v2\/pages\/281","targetHints":{"allow":["GET"]}}],"collection":[{"href":"http:\/\/rediles.com\/lakuakolore\/wp-json\/wp\/v2\/pages"}],"about":[{"href":"http:\/\/rediles.com\/lakuakolore\/wp-json\/wp\/v2\/types\/page"}],"author":[{"embeddable":true,"href":"http:\/\/rediles.com\/lakuakolore\/wp-json\/wp\/v2\/users\/2"}],"replies":[{"embeddable":true,"href":"http:\/\/rediles.com\/lakuakolore\/wp-json\/wp\/v2\/comments?post=281"}],"version-history":[{"count":1,"href":"http:\/\/rediles.com\/lakuakolore\/wp-json\/wp\/v2\/pages\/281\/revisions"}],"predecessor-version":[{"id":1527,"href":"http:\/\/rediles.com\/lakuakolore\/wp-json\/wp\/v2\/pages\/281\/revisions\/1527"}],"wp:attachment":[{"href":"http:\/\/rediles.com\/lakuakolore\/wp-json\/wp\/v2\/media?parent=281"}],"curies":[{"name":"wp","href":"https:\/\/api.w.org\/{rel}","templated":true}]}}