{"id":283,"date":"2018-07-31T11:01:29","date_gmt":"2018-07-31T11:01:29","guid":{"rendered":"http:\/\/rediles.com\/lakuakolore\/?page_id=283"},"modified":"2018-07-31T11:09:52","modified_gmt":"2018-07-31T11:09:52","slug":"dokumentuak","status":"publish","type":"page","link":"http:\/\/rediles.com\/lakuakolore\/eu\/dokumentuak\/","title":{"rendered":"Dokumentuak"},"content":{"rendered":"<p>A continuaci\u00f3n vamos a poner algunos documentos de inter\u00e9s para los huertos de LakuaKoLore:<\/p>\n<p><a href=\"http:\/\/rediles.com\/hodeian\/index.php\/s\/qHLOKt9CXhOGY2L\">Calendario de siembra y plantaci\u00f3n con marcos<\/a><\/p>\n<p>Tambi\u00e9n pod\u00e9is encontrar mucha informaci\u00f3n \u00fatil sobre agroecolog\u00eda en: <a href=\"http:\/\/rediles.com\/agroecologia\/documentos\/\">http:\/\/rediles.com\/agroecologia\/documentos\/<\/a><\/p>\n","protected":false},"excerpt":{"rendered":"<p>A continuaci\u00f3n vamos a poner algunos documentos de inter\u00e9s para los huertos de LakuaKoLore: Calendario de siembra y plantaci\u00f3n con marcos Tambi\u00e9n pod\u00e9is encontrar mucha informaci\u00f3n \u00fatil sobre agroecolog\u00eda en: http:\/\/rediles.com\/agroecologia\/documentos\/<\/p>\n","protected":false},"author":2,"featured_media":0,"parent":0,"menu_order":3,"comment_status":"closed","ping_status":"closed","template":"","meta":{"_bbp_topic_count":0,"_bbp_reply_count":0,"_bbp_total_topic_count":0,"_bbp_total_reply_count":0,"_bbp_voice_count":0,"_bbp_anonymous_reply_count":0,"_bbp_topic_count_hidden":0,"_bbp_reply_count_hidden":0,"_bbp_forum_subforum_count":0,"footnotes":"","_links_to":"","_links_to_target":""},"class_list":["post-283","page","type-page","status-publish","hentry"],"_links":{"self":[{"href":"http:\/\/rediles.com\/lakuakolore\/wp-json\/wp\/v2\/pages\/283","targetHints":{"allow":["GET"]}}],"collection":[{"href":"http:\/\/rediles.com\/lakuakolore\/wp-json\/wp\/v2\/pages"}],"about":[{"href":"http:\/\/rediles.com\/lakuakolore\/wp-json\/wp\/v2\/types\/page"}],"author":[{"embeddable":true,"href":"http:\/\/rediles.com\/lakuakolore\/wp-json\/wp\/v2\/users\/2"}],"replies":[{"embeddable":true,"href":"http:\/\/rediles.com\/lakuakolore\/wp-json\/wp\/v2\/comments?post=283"}],"version-history":[{"count":1,"href":"http:\/\/rediles.com\/lakuakolore\/wp-json\/wp\/v2\/pages\/283\/revisions"}],"predecessor-version":[{"id":293,"href":"http:\/\/rediles.com\/lakuakolore\/wp-json\/wp\/v2\/pages\/283\/revisions\/293"}],"wp:attachment":[{"href":"http:\/\/rediles.com\/lakuakolore\/wp-json\/wp\/v2\/media?parent=283"}],"curies":[{"name":"wp","href":"https:\/\/api.w.org\/{rel}","templated":true}]}}