{"id":2,"date":"2010-06-23T09:31:39","date_gmt":"2010-06-23T09:31:39","guid":{"rendered":"http:\/\/rediles.com\/myrarte\/?page_id=2"},"modified":"2010-07-05T22:35:10","modified_gmt":"2010-07-05T22:35:10","slug":"acerca-de","status":"publish","type":"page","link":"http:\/\/rediles.com\/myrarte\/acerca-de\/","title":{"rendered":"Acerca de"},"content":{"rendered":"<p>&#8230;.Otro Blog De ArTe???<\/p>\n<p>Bueno, de alguna manera hay que empezar&#8230;.Estreno mi p\u00e1gina de ArTe  invit\u00e1ndote a participar. Mi espacio es tu espacio: comparte tus obras,  tus opiniones, tus dudas, tu experiencia&#8230;Yo estar\u00e9 aqu\u00ed para compartir  mi pasi\u00f3n por todo tipo de ARTE.<\/p>\n<p>S\u00e9 que existen ya muchos blogs de Arte, y ninguno sobra&#8230;.Porque el  Arte es infinito, y tiene tantas formas de expresi\u00f3n que llega para  todos.<\/p>\n<p>El Arte tiene una funci\u00f3n est\u00e9tica y comunicativa . A trav\u00e9s de  diversos recursos y materiales se expresan emociones, ideas,  sentimientos&#8230;.<\/p>\n<p>Este es el objetivo de mi blog: \u00a1QUE EL ARTE CIRCULE POR LA RED! y  que todos disfrutemos de creaciones est\u00e9ticas que nos expresen algo, que  nos hagan sentir o pensar algo.<\/p>\n","protected":false},"excerpt":{"rendered":"<p>&#8230;.Otro Blog De ArTe??? Bueno, de alguna manera hay que empezar&#8230;.Estreno mi p\u00e1gina de ArTe invit\u00e1ndote a participar. Mi espacio es tu espacio: comparte tus obras, tus opiniones, tus dudas, tu experiencia&#8230;Yo estar\u00e9 aqu\u00ed para compartir mi pasi\u00f3n por todo&hellip;<\/p>\n<p class=\"more-link-p\"><a class=\"more-link\" href=\"http:\/\/rediles.com\/myrarte\/acerca-de\/\">Read more &rarr;<\/a><\/p>\n","protected":false},"author":10,"featured_media":0,"parent":0,"menu_order":0,"comment_status":"open","ping_status":"open","template":"","meta":{"_bbp_topic_count":0,"_bbp_reply_count":0,"_bbp_total_topic_count":0,"_bbp_total_reply_count":0,"_bbp_voice_count":0,"_bbp_anonymous_reply_count":0,"_bbp_topic_count_hidden":0,"_bbp_reply_count_hidden":0,"_bbp_forum_subforum_count":0,"footnotes":"","_links_to":"","_links_to_target":""},"class_list":["post-2","page","type-page","status-publish","hentry"],"_links":{"self":[{"href":"http:\/\/rediles.com\/myrarte\/wp-json\/wp\/v2\/pages\/2","targetHints":{"allow":["GET"]}}],"collection":[{"href":"http:\/\/rediles.com\/myrarte\/wp-json\/wp\/v2\/pages"}],"about":[{"href":"http:\/\/rediles.com\/myrarte\/wp-json\/wp\/v2\/types\/page"}],"author":[{"embeddable":true,"href":"http:\/\/rediles.com\/myrarte\/wp-json\/wp\/v2\/users\/10"}],"replies":[{"embeddable":true,"href":"http:\/\/rediles.com\/myrarte\/wp-json\/wp\/v2\/comments?post=2"}],"version-history":[{"count":2,"href":"http:\/\/rediles.com\/myrarte\/wp-json\/wp\/v2\/pages\/2\/revisions"}],"predecessor-version":[{"id":46,"href":"http:\/\/rediles.com\/myrarte\/wp-json\/wp\/v2\/pages\/2\/revisions\/46"}],"wp:attachment":[{"href":"http:\/\/rediles.com\/myrarte\/wp-json\/wp\/v2\/media?parent=2"}],"curies":[{"name":"wp","href":"https:\/\/api.w.org\/{rel}","templated":true}]}}