{"id":2,"date":"2011-01-22T00:09:00","date_gmt":"2011-01-22T00:09:00","guid":{"rendered":"http:\/\/rediles.com\/obsolescenciaprogramada\/?page_id=2"},"modified":"2011-02-01T21:43:50","modified_gmt":"2011-02-01T21:43:50","slug":"acerca-de","status":"publish","type":"page","link":"http:\/\/rediles.com\/obsolescenciaprogramada\/acerca-de\/","title":{"rendered":"Acerca de"},"content":{"rendered":"<p>Este blog pretende ser un lugar de denuncia p\u00fablica de los abusos que muchas empresas hacen dise\u00f1ando sus productos para que se tengan que tirar a la basura pronto, y as\u00ed tengamos que comprar otros nuevos.<\/p>\n<p>Espero tu participaci\u00f3n enviando a trav\u00e9s de comentarios o del <a title=\"Formulario de contacto - Obsolescencia programada - ReDiles.com\" href=\"http:\/\/rediles.com\/obsolescenciaprogramada\/contacto\/\" target=\"_self\">formulario de contacto<\/a> informaci\u00f3n de primera mano, o enviando enlaces a informaci\u00f3n sobre el tema.<\/p>\n","protected":false},"excerpt":{"rendered":"<p>Este blog pretende ser un lugar de denuncia p\u00fablica de los abusos que muchas empresas hacen dise\u00f1ando sus productos para que se tengan que tirar a la basura pronto, y as\u00ed tengamos que comprar otros nuevos. Espero tu participaci\u00f3n enviando &hellip; <a href=\"http:\/\/rediles.com\/obsolescenciaprogramada\/acerca-de\/\">Sigue leyendo <span class=\"meta-nav\">&rarr;<\/span><\/a><\/p>\n","protected":false},"author":2,"featured_media":0,"parent":0,"menu_order":0,"comment_status":"open","ping_status":"open","template":"","meta":{"_bbp_topic_count":0,"_bbp_reply_count":0,"_bbp_total_topic_count":0,"_bbp_total_reply_count":0,"_bbp_voice_count":0,"_bbp_anonymous_reply_count":0,"_bbp_topic_count_hidden":0,"_bbp_reply_count_hidden":0,"_bbp_forum_subforum_count":0,"footnotes":"","_links_to":"","_links_to_target":""},"class_list":["post-2","page","type-page","status-publish","hentry"],"_links":{"self":[{"href":"http:\/\/rediles.com\/obsolescenciaprogramada\/wp-json\/wp\/v2\/pages\/2","targetHints":{"allow":["GET"]}}],"collection":[{"href":"http:\/\/rediles.com\/obsolescenciaprogramada\/wp-json\/wp\/v2\/pages"}],"about":[{"href":"http:\/\/rediles.com\/obsolescenciaprogramada\/wp-json\/wp\/v2\/types\/page"}],"author":[{"embeddable":true,"href":"http:\/\/rediles.com\/obsolescenciaprogramada\/wp-json\/wp\/v2\/users\/2"}],"replies":[{"embeddable":true,"href":"http:\/\/rediles.com\/obsolescenciaprogramada\/wp-json\/wp\/v2\/comments?post=2"}],"version-history":[{"count":2,"href":"http:\/\/rediles.com\/obsolescenciaprogramada\/wp-json\/wp\/v2\/pages\/2\/revisions"}],"predecessor-version":[{"id":10,"href":"http:\/\/rediles.com\/obsolescenciaprogramada\/wp-json\/wp\/v2\/pages\/2\/revisions\/10"}],"wp:attachment":[{"href":"http:\/\/rediles.com\/obsolescenciaprogramada\/wp-json\/wp\/v2\/media?parent=2"}],"curies":[{"name":"wp","href":"https:\/\/api.w.org\/{rel}","templated":true}]}}