{"id":20,"date":"2012-07-04T09:33:01","date_gmt":"2012-07-04T07:33:01","guid":{"rendered":"http:\/\/rediles.com\/pezlimbo\/?page_id=20"},"modified":"2012-07-14T19:44:59","modified_gmt":"2012-07-14T17:44:59","slug":"lana","status":"publish","type":"page","link":"http:\/\/rediles.com\/pezlimbo\/espectaculos-3\/lana\/","title":{"rendered":"LANA"},"content":{"rendered":"<p><span style=\"color: #000000\">LANA es un espect\u00e1culo de calle sin texto. La acci\u00f3n, las im\u00e1genes y el espacio sonoro, crean la atm\u00f3sfera que envuelve al espectador en una experiencia que va de la realidad a lo on\u00edrico. <\/span><\/p>\n<p><span style=\"color: #000000\">La puesta en escena combina teatro f\u00edsico y elementos de danza, titeres y trabajo de m\u00e1scara.<\/span><\/p>\n<p><span style=\"color: #000000\">La escenograf\u00eda es un protagonista activo, ya que va transform\u00e1ndose a lo largo de la obra, modificando el clima en que se desarrolla la historia. <\/span><\/p>\n<p><span style=\"color: #000000\">Pincha la imagen para ver el VIDEO resumen de LANA<\/span><\/p>\n<p><span style=\"color: #000000\"><a title=\"VIDEO resumen LANA\" href=\"http:\/\/vimeo.com\/43595914\" target=\"_blank\"><img loading=\"lazy\" decoding=\"async\" class=\"size-medium wp-image-22 aligncenter\" src=\"http:\/\/rediles.com\/pezlimbo\/files\/2012\/07\/\u00a9-Foto-000_38-limpia-copia-300x207.jpg\" alt=\"La vida en el taller puede ser maravillosa\" width=\"300\" height=\"207\" srcset=\"http:\/\/rediles.com\/pezlimbo\/files\/2012\/07\/\u00a9-Foto-000_38-limpia-copia-300x207.jpg 300w, http:\/\/rediles.com\/pezlimbo\/files\/2012\/07\/\u00a9-Foto-000_38-limpia-copia-1024x709.jpg 1024w, http:\/\/rediles.com\/pezlimbo\/files\/2012\/07\/\u00a9-Foto-000_38-limpia-copia-432x300.jpg 432w\" sizes=\"auto, (max-width: 300px) 100vw, 300px\" \/><\/a><\/span><\/p>\n","protected":false},"excerpt":{"rendered":"<p>LANA es un espect\u00e1culo de calle sin texto. La acci\u00f3n, las im\u00e1genes y el espacio sonoro, crean la atm\u00f3sfera que envuelve al espectador en una experiencia que va de la realidad a lo on\u00edrico. La puesta en escena combina teatro &hellip; <a href=\"http:\/\/rediles.com\/pezlimbo\/espectaculos-3\/lana\/\">Sigue leyendo <span class=\"meta-nav\">&rarr;<\/span><\/a><\/p>\n","protected":false},"author":1063,"featured_media":22,"parent":37,"menu_order":1,"comment_status":"open","ping_status":"closed","template":"sidebar-page.php","meta":{"_bbp_topic_count":0,"_bbp_reply_count":0,"_bbp_total_topic_count":0,"_bbp_total_reply_count":0,"_bbp_voice_count":0,"_bbp_anonymous_reply_count":0,"_bbp_topic_count_hidden":0,"_bbp_reply_count_hidden":0,"_bbp_forum_subforum_count":0,"footnotes":"","_links_to":"","_links_to_target":""},"class_list":["post-20","page","type-page","status-publish","has-post-thumbnail","hentry"],"_links":{"self":[{"href":"http:\/\/rediles.com\/pezlimbo\/wp-json\/wp\/v2\/pages\/20","targetHints":{"allow":["GET"]}}],"collection":[{"href":"http:\/\/rediles.com\/pezlimbo\/wp-json\/wp\/v2\/pages"}],"about":[{"href":"http:\/\/rediles.com\/pezlimbo\/wp-json\/wp\/v2\/types\/page"}],"author":[{"embeddable":true,"href":"http:\/\/rediles.com\/pezlimbo\/wp-json\/wp\/v2\/users\/1063"}],"replies":[{"embeddable":true,"href":"http:\/\/rediles.com\/pezlimbo\/wp-json\/wp\/v2\/comments?post=20"}],"version-history":[{"count":10,"href":"http:\/\/rediles.com\/pezlimbo\/wp-json\/wp\/v2\/pages\/20\/revisions"}],"predecessor-version":[{"id":24,"href":"http:\/\/rediles.com\/pezlimbo\/wp-json\/wp\/v2\/pages\/20\/revisions\/24"}],"up":[{"embeddable":true,"href":"http:\/\/rediles.com\/pezlimbo\/wp-json\/wp\/v2\/pages\/37"}],"wp:featuredmedia":[{"embeddable":true,"href":"http:\/\/rediles.com\/pezlimbo\/wp-json\/wp\/v2\/media\/22"}],"wp:attachment":[{"href":"http:\/\/rediles.com\/pezlimbo\/wp-json\/wp\/v2\/media?parent=20"}],"curies":[{"name":"wp","href":"https:\/\/api.w.org\/{rel}","templated":true}]}}