{"id":28,"date":"2012-07-04T11:19:12","date_gmt":"2012-07-04T09:19:12","guid":{"rendered":"http:\/\/rediles.com\/pezlimbo\/?page_id=28"},"modified":"2012-07-14T19:46:30","modified_gmt":"2012-07-14T17:46:30","slug":"espinazo-o-callos","status":"publish","type":"page","link":"http:\/\/rediles.com\/pezlimbo\/espectaculos-3\/espinazo-o-callos\/","title":{"rendered":"\u00bfESPINAZO o CALLOS?"},"content":{"rendered":"<p>Una mujer en aprietos acude a su carnicero de confianza para pedirle algo poco corriente. La situaci\u00f3n resulta comprometida, m\u00e1s aun por la presencia de otros clientes (el p\u00fablico de la pieza) a los que hacen part\u00edcipes de la acci\u00f3n.<\/p>\n<p>Una pieza con humor, acidez, ternura, poes\u00eda y callos\u2026que sorprende al espectador.<\/p>\n<p>Video 1\u00aa parte pinchando la imagen<img loading=\"lazy\" decoding=\"async\" class=\"aligncenter  wp-image-29\" src=\"http:\/\/rediles.com\/pezlimbo\/files\/2012\/07\/\u00bfespinazo-o-callos\u00bf-web.jpg\" alt=\"\" width=\"579\" height=\"219\" \/><\/p>\n<p>&nbsp;<\/p>\n<p>&nbsp;<\/p>\n","protected":false},"excerpt":{"rendered":"<p>Una mujer en aprietos acude a su carnicero de confianza para pedirle algo poco corriente. La situaci\u00f3n resulta comprometida, m\u00e1s aun por la presencia de otros clientes (el p\u00fablico de la pieza) a los que hacen part\u00edcipes de la acci\u00f3n. &hellip; <a href=\"http:\/\/rediles.com\/pezlimbo\/espectaculos-3\/espinazo-o-callos\/\">Sigue leyendo <span class=\"meta-nav\">&rarr;<\/span><\/a><\/p>\n","protected":false},"author":1063,"featured_media":29,"parent":37,"menu_order":2,"comment_status":"open","ping_status":"closed","template":"sidebar-page.php","meta":{"_bbp_topic_count":0,"_bbp_reply_count":0,"_bbp_total_topic_count":0,"_bbp_total_reply_count":0,"_bbp_voice_count":0,"_bbp_anonymous_reply_count":0,"_bbp_topic_count_hidden":0,"_bbp_reply_count_hidden":0,"_bbp_forum_subforum_count":0,"footnotes":"","_links_to":"","_links_to_target":""},"class_list":["post-28","page","type-page","status-publish","has-post-thumbnail","hentry"],"_links":{"self":[{"href":"http:\/\/rediles.com\/pezlimbo\/wp-json\/wp\/v2\/pages\/28","targetHints":{"allow":["GET"]}}],"collection":[{"href":"http:\/\/rediles.com\/pezlimbo\/wp-json\/wp\/v2\/pages"}],"about":[{"href":"http:\/\/rediles.com\/pezlimbo\/wp-json\/wp\/v2\/types\/page"}],"author":[{"embeddable":true,"href":"http:\/\/rediles.com\/pezlimbo\/wp-json\/wp\/v2\/users\/1063"}],"replies":[{"embeddable":true,"href":"http:\/\/rediles.com\/pezlimbo\/wp-json\/wp\/v2\/comments?post=28"}],"version-history":[{"count":8,"href":"http:\/\/rediles.com\/pezlimbo\/wp-json\/wp\/v2\/pages\/28\/revisions"}],"predecessor-version":[{"id":70,"href":"http:\/\/rediles.com\/pezlimbo\/wp-json\/wp\/v2\/pages\/28\/revisions\/70"}],"up":[{"embeddable":true,"href":"http:\/\/rediles.com\/pezlimbo\/wp-json\/wp\/v2\/pages\/37"}],"wp:featuredmedia":[{"embeddable":true,"href":"http:\/\/rediles.com\/pezlimbo\/wp-json\/wp\/v2\/media\/29"}],"wp:attachment":[{"href":"http:\/\/rediles.com\/pezlimbo\/wp-json\/wp\/v2\/media?parent=28"}],"curies":[{"name":"wp","href":"https:\/\/api.w.org\/{rel}","templated":true}]}}