{"id":53,"date":"2012-07-05T18:38:44","date_gmt":"2012-07-05T16:38:44","guid":{"rendered":"http:\/\/rediles.com\/pezlimbo\/?page_id=53"},"modified":"2012-07-14T19:46:16","modified_gmt":"2012-07-14T17:46:16","slug":"bestiario-urbano","status":"publish","type":"page","link":"http:\/\/rediles.com\/pezlimbo\/espectaculos-3\/bestiario-urbano\/","title":{"rendered":"Bestiario Urbano"},"content":{"rendered":"<p>\u201cBESTIARIO URBANO\u201d se estren\u00f3 en el FESTIVAL INTERNACIONAL DE TEATRO DE VITORIA-GASTEIZ\u00a0 en octubre de 2010, siendo una coproducci\u00f3n de dicho Festival con varias compa\u00f1\u00edas de la ciudad, dentro del proyecto \u201cbertako sormena\u201d. Esta propuesta teatral invita a un grupo de 10-15 persona en cada representaci\u00f3n a realizar un viaje por espacios p\u00fablicos y privados de una ciudad. El grupo es conducido en un microb\u00fas a trav\u00e9s de un recorrido en el que visitar\u00e1n tres casas para ser espectadores de historias contadas desde la cercan\u00eda.<\/p>\n","protected":false},"excerpt":{"rendered":"<p>\u201cBESTIARIO URBANO\u201d se estren\u00f3 en el FESTIVAL INTERNACIONAL DE TEATRO DE VITORIA-GASTEIZ\u00a0 en octubre de 2010, siendo una coproducci\u00f3n de dicho Festival con varias compa\u00f1\u00edas de la ciudad, dentro del proyecto \u201cbertako sormena\u201d. Esta propuesta teatral invita a un grupo &hellip; <a href=\"http:\/\/rediles.com\/pezlimbo\/espectaculos-3\/bestiario-urbano\/\">Sigue leyendo <span class=\"meta-nav\">&rarr;<\/span><\/a><\/p>\n","protected":false},"author":1063,"featured_media":0,"parent":37,"menu_order":3,"comment_status":"open","ping_status":"closed","template":"sidebar-page.php","meta":{"_bbp_topic_count":0,"_bbp_reply_count":0,"_bbp_total_topic_count":0,"_bbp_total_reply_count":0,"_bbp_voice_count":0,"_bbp_anonymous_reply_count":0,"_bbp_topic_count_hidden":0,"_bbp_reply_count_hidden":0,"_bbp_forum_subforum_count":0,"footnotes":"","_links_to":"","_links_to_target":""},"class_list":["post-53","page","type-page","status-publish","hentry"],"_links":{"self":[{"href":"http:\/\/rediles.com\/pezlimbo\/wp-json\/wp\/v2\/pages\/53","targetHints":{"allow":["GET"]}}],"collection":[{"href":"http:\/\/rediles.com\/pezlimbo\/wp-json\/wp\/v2\/pages"}],"about":[{"href":"http:\/\/rediles.com\/pezlimbo\/wp-json\/wp\/v2\/types\/page"}],"author":[{"embeddable":true,"href":"http:\/\/rediles.com\/pezlimbo\/wp-json\/wp\/v2\/users\/1063"}],"replies":[{"embeddable":true,"href":"http:\/\/rediles.com\/pezlimbo\/wp-json\/wp\/v2\/comments?post=53"}],"version-history":[{"count":3,"href":"http:\/\/rediles.com\/pezlimbo\/wp-json\/wp\/v2\/pages\/53\/revisions"}],"predecessor-version":[{"id":75,"href":"http:\/\/rediles.com\/pezlimbo\/wp-json\/wp\/v2\/pages\/53\/revisions\/75"}],"up":[{"embeddable":true,"href":"http:\/\/rediles.com\/pezlimbo\/wp-json\/wp\/v2\/pages\/37"}],"wp:attachment":[{"href":"http:\/\/rediles.com\/pezlimbo\/wp-json\/wp\/v2\/media?parent=53"}],"curies":[{"name":"wp","href":"https:\/\/api.w.org\/{rel}","templated":true}]}}