{"id":2,"date":"2010-10-07T09:08:06","date_gmt":"2010-10-07T09:08:06","guid":{"rendered":"http:\/\/rediles.com\/transgenicos\/?page_id=2"},"modified":"2010-10-07T09:32:00","modified_gmt":"2010-10-07T09:32:00","slug":"acerca-de","status":"publish","type":"page","link":"http:\/\/rediles.com\/transgenicos\/acerca-de\/","title":{"rendered":"Acerca de"},"content":{"rendered":"<p><a title=\"transg\u00e9nicos\" href=\"http:\/\/rediles.com\/transgenicos\" target=\"_self\">Transg\u00e9nicos<\/a> nace como medio de comunicaci\u00f3n de todo lo relacionado con los productos transg\u00e9nicos.<br \/>\nEn primer lugar, fu\u00e9 mi intenci\u00f3n incluir en <a title=\"ecohuerto\" href=\"http:\/\/rediles.com\/ecohuerto\" target=\"_self\">ecohuerto<\/a> un apartado destinado a los productos transg\u00e9nicos y sus peligros, pero son tantos los campos que abarcan los problemas con los transg\u00e9nicos, que he cre\u00eddo m\u00e1s conveniente la creaci\u00f3n de un blog destinado solo a ellos.<\/p>\n<p>Espero que os guste a todos, y que al que no le guste lo que aqui se trate vaya cambiando a un cultivo m\u00e1s respetuoso con la naturaleza (y con los dem\u00e1s seres humanos, que formamos parte de ella).<\/p>\n","protected":false},"excerpt":{"rendered":"<p>Transg\u00e9nicos nace como medio de comunicaci\u00f3n de todo lo relacionado con los productos transg\u00e9nicos. En primer lugar, fu\u00e9 mi intenci\u00f3n incluir en ecohuerto un apartado destinado a los productos transg\u00e9nicos y sus peligros, pero son tantos los campos que abarcan &hellip; <a href=\"http:\/\/rediles.com\/transgenicos\/acerca-de\/\">Sigue leyendo <span class=\"meta-nav\">&rarr;<\/span><\/a><\/p>\n","protected":false},"author":2,"featured_media":0,"parent":0,"menu_order":0,"comment_status":"open","ping_status":"open","template":"","meta":{"_bbp_topic_count":0,"_bbp_reply_count":0,"_bbp_total_topic_count":0,"_bbp_total_reply_count":0,"_bbp_voice_count":0,"_bbp_anonymous_reply_count":0,"_bbp_topic_count_hidden":0,"_bbp_reply_count_hidden":0,"_bbp_forum_subforum_count":0,"footnotes":"","_links_to":"","_links_to_target":""},"class_list":["post-2","page","type-page","status-publish","hentry"],"_links":{"self":[{"href":"http:\/\/rediles.com\/transgenicos\/wp-json\/wp\/v2\/pages\/2","targetHints":{"allow":["GET"]}}],"collection":[{"href":"http:\/\/rediles.com\/transgenicos\/wp-json\/wp\/v2\/pages"}],"about":[{"href":"http:\/\/rediles.com\/transgenicos\/wp-json\/wp\/v2\/types\/page"}],"author":[{"embeddable":true,"href":"http:\/\/rediles.com\/transgenicos\/wp-json\/wp\/v2\/users\/2"}],"replies":[{"embeddable":true,"href":"http:\/\/rediles.com\/transgenicos\/wp-json\/wp\/v2\/comments?post=2"}],"version-history":[{"count":3,"href":"http:\/\/rediles.com\/transgenicos\/wp-json\/wp\/v2\/pages\/2\/revisions"}],"predecessor-version":[{"id":3,"href":"http:\/\/rediles.com\/transgenicos\/wp-json\/wp\/v2\/pages\/2\/revisions\/3"}],"wp:attachment":[{"href":"http:\/\/rediles.com\/transgenicos\/wp-json\/wp\/v2\/media?parent=2"}],"curies":[{"name":"wp","href":"https:\/\/api.w.org\/{rel}","templated":true}]}}