{"id":2,"date":"2011-04-09T21:53:16","date_gmt":"2011-04-09T21:53:16","guid":{"rendered":"http:\/\/rediles.com\/translabamarikatransductores\/?page_id=2"},"modified":"2011-04-09T23:52:40","modified_gmt":"2011-04-09T23:52:40","slug":"laboratorio-trans-lab-amarika","status":"publish","type":"page","link":"http:\/\/rediles.com\/translabamarikatransductores\/laboratorio-trans-lab-amarika\/","title":{"rendered":"Lo cualo??"},"content":{"rendered":"<p>TRANSDUCTORES es un proyecto cultural que pretende investigar y activar  iniciativas en las que se articulen de manera flexible las pr\u00e1cticas  art\u00edsticas, la intervenci\u00f3n pol\u00edtica y la educaci\u00f3n, a partir de la  acci\u00f3n de colectivos interdisciplinares. El laboratorio TRANS LAB  pretende establecer y activar TRANSDUCTORES en el contexto local de  Vitoria-Gasteiz gracias a la ayuda y la intervenci\u00f3n del Proyecto  Amarika.<\/p>\n<p>M\u00e1s informaci\u00f3n: <a title=\"Transductores - TRANS LAB Am\u00e1rika\" href=\"http:\/\/transductores.net\/translab\" target=\"_blank\">http:\/\/transductores.net\/translab<\/a><\/p>\n","protected":false},"excerpt":{"rendered":"<p>TRANSDUCTORES es un proyecto cultural que pretende investigar y activar iniciativas en las que se articulen de manera flexible las pr\u00e1cticas art\u00edsticas, la intervenci\u00f3n pol\u00edtica y la educaci\u00f3n, a partir de la acci\u00f3n de colectivos interdisciplinares. El laboratorio TRANS LAB pretende establecer y activar TRANSDUCTORES en el contexto local de Vitoria-Gasteiz gracias a la ayuda [&hellip;]<\/p>\n","protected":false},"author":2,"featured_media":0,"parent":0,"menu_order":0,"comment_status":"open","ping_status":"open","template":"","meta":{"_bbp_topic_count":0,"_bbp_reply_count":0,"_bbp_total_topic_count":0,"_bbp_total_reply_count":0,"_bbp_voice_count":0,"_bbp_anonymous_reply_count":0,"_bbp_topic_count_hidden":0,"_bbp_reply_count_hidden":0,"_bbp_forum_subforum_count":0,"footnotes":"","_links_to":"","_links_to_target":""},"class_list":["post-2","page","type-page","status-publish","hentry"],"_links":{"self":[{"href":"http:\/\/rediles.com\/translabamarikatransductores\/wp-json\/wp\/v2\/pages\/2","targetHints":{"allow":["GET"]}}],"collection":[{"href":"http:\/\/rediles.com\/translabamarikatransductores\/wp-json\/wp\/v2\/pages"}],"about":[{"href":"http:\/\/rediles.com\/translabamarikatransductores\/wp-json\/wp\/v2\/types\/page"}],"author":[{"embeddable":true,"href":"http:\/\/rediles.com\/translabamarikatransductores\/wp-json\/wp\/v2\/users\/2"}],"replies":[{"embeddable":true,"href":"http:\/\/rediles.com\/translabamarikatransductores\/wp-json\/wp\/v2\/comments?post=2"}],"version-history":[{"count":5,"href":"http:\/\/rediles.com\/translabamarikatransductores\/wp-json\/wp\/v2\/pages\/2\/revisions"}],"predecessor-version":[{"id":14,"href":"http:\/\/rediles.com\/translabamarikatransductores\/wp-json\/wp\/v2\/pages\/2\/revisions\/14"}],"wp:attachment":[{"href":"http:\/\/rediles.com\/translabamarikatransductores\/wp-json\/wp\/v2\/media?parent=2"}],"curies":[{"name":"wp","href":"https:\/\/api.w.org\/{rel}","templated":true}]}}